{"id":3080,"date":"2023-04-20T07:58:23","date_gmt":"2023-04-20T05:58:23","guid":{"rendered":"https:\/\/www.orthogruber.at\/copy-worth-knowing-2\/"},"modified":"2023-12-24T15:50:46","modified_gmt":"2023-12-24T13:50:46","slug":"copy-worth-knowing-2","status":"publish","type":"page","link":"https:\/\/www.orthogruber.at\/en\/copy-worth-knowing-2\/","title":{"rendered":"Videos"},"content":{"rendered":"\t\t<div data-elementor-type=\"wp-page\" data-elementor-id=\"3080\" class=\"elementor elementor-3080 elementor-3079\" data-elementor-post-type=\"page\">\n\t\t\t\t\t\t<section class=\"elementor-section elementor-top-section elementor-element elementor-element-1b2afc1e elementor-section-boxed elementor-section-height-default elementor-section-height-default\" data-id=\"1b2afc1e\" data-element_type=\"section\" data-e-type=\"section\" data-settings=\"{&quot;background_background&quot;:&quot;classic&quot;}\">\n\t\t\t\t\t\t<div class=\"elementor-container elementor-column-gap-default\">\n\t\t\t\t\t<div class=\"elementor-column elementor-col-100 elementor-top-column elementor-element elementor-element-39449947\" data-id=\"39449947\" data-element_type=\"column\" data-e-type=\"column\">\n\t\t\t<div class=\"elementor-widget-wrap elementor-element-populated\">\n\t\t\t\t\t\t<div class=\"elementor-element elementor-element-2db1e817 elementor-widget elementor-widget-heading\" data-id=\"2db1e817\" data-element_type=\"widget\" data-e-type=\"widget\" data-widget_type=\"heading.default\">\n\t\t\t\t<div class=\"elementor-widget-container\">\n\t\t\t\t\t<h1 class=\"elementor-heading-title elementor-size-default\">Videos<\/h1>\t\t\t\t<\/div>\n\t\t\t\t<\/div>\n\t\t\t\t\t<\/div>\n\t\t<\/div>\n\t\t\t\t\t<\/div>\n\t\t<\/section>\n\t\t\t\t<section class=\"elementor-section elementor-top-section elementor-element elementor-element-13fe25d5 elementor-section-boxed elementor-section-height-default elementor-section-height-default\" data-id=\"13fe25d5\" data-element_type=\"section\" data-e-type=\"section\">\n\t\t\t\t\t\t<div class=\"elementor-container elementor-column-gap-default\">\n\t\t\t\t\t<div class=\"elementor-column elementor-col-100 elementor-top-column elementor-element elementor-element-7c5b0bdf\" data-id=\"7c5b0bdf\" data-element_type=\"column\" data-e-type=\"column\" data-settings=\"{&quot;background_background&quot;:&quot;classic&quot;}\">\n\t\t\t<div class=\"elementor-widget-wrap elementor-element-populated\">\n\t\t\t\t\t\t<div class=\"elementor-element elementor-element-4b6ef9e2 elementor-widget elementor-widget-text-editor\" data-id=\"4b6ef9e2\" data-element_type=\"widget\" data-e-type=\"widget\" data-widget_type=\"text-editor.default\">\n\t\t\t\t<div class=\"elementor-widget-container\">\n\t\t\t\t\t\t\t\t\t<p>As a specialist in orthopedics and orthopedic surgery, I am happy to answer any questions you may have about this topic. The selection of videos below offers a first insight into frequently asked questions of my patients!<\/p>\n<p>If there is any unanswered question, feel free to <a href=\"https:\/\/www.orthogruber.at\/en\/contact\/\">contact<\/a> me!&nbsp;<\/p>\t\t\t\t\t\t\t\t<\/div>\n\t\t\t\t<\/div>\n\t\t\t\t\t<\/div>\n\t\t<\/div>\n\t\t\t\t\t<\/div>\n\t\t<\/section>\n\t\t\t\t<section class=\"elementor-section elementor-top-section elementor-element elementor-element-7d297643 elementor-section-boxed elementor-section-height-default elementor-section-height-default\" data-id=\"7d297643\" data-element_type=\"section\" data-e-type=\"section\">\n\t\t\t\t\t\t<div class=\"elementor-container elementor-column-gap-default\">\n\t\t\t\t\t<div class=\"elementor-column elementor-col-100 elementor-top-column elementor-element elementor-element-3bff6ea1\" data-id=\"3bff6ea1\" data-element_type=\"column\" data-e-type=\"column\" data-settings=\"{&quot;background_background&quot;:&quot;classic&quot;}\">\n\t\t\t<div class=\"elementor-widget-wrap elementor-element-populated\">\n\t\t\t\t\t\t<div class=\"elementor-element elementor-element-474d0a9c elementor-widget elementor-widget-heading\" data-id=\"474d0a9c\" data-element_type=\"widget\" data-e-type=\"widget\" id=\"videos\" data-widget_type=\"heading.default\">\n\t\t\t\t<div class=\"elementor-widget-container\">\n\t\t\t\t\t<h2 class=\"elementor-heading-title elementor-size-default\">My videos<\/h2>\t\t\t\t<\/div>\n\t\t\t\t<\/div>\n\t\t\t\t<div class=\"elementor-element elementor-element-61cd1e7c elementor-widget-divider--view-line elementor-widget elementor-widget-divider\" data-id=\"61cd1e7c\" data-element_type=\"widget\" data-e-type=\"widget\" data-widget_type=\"divider.default\">\n\t\t\t\t<div class=\"elementor-widget-container\">\n\t\t\t\t\t\t\t<div class=\"elementor-divider\">\n\t\t\t<span class=\"elementor-divider-separator\">\n\t\t\t\t\t\t<\/span>\n\t\t<\/div>\n\t\t\t\t\t\t<\/div>\n\t\t\t\t<\/div>\n\t\t\t\t<section class=\"elementor-section elementor-inner-section elementor-element elementor-element-fd6b452 elementor-section-boxed elementor-section-height-default elementor-section-height-default\" data-id=\"fd6b452\" data-element_type=\"section\" data-e-type=\"section\">\n\t\t\t\t\t\t<div class=\"elementor-container elementor-column-gap-default\">\n\t\t\t\t\t<div class=\"elementor-column elementor-col-50 elementor-inner-column elementor-element elementor-element-d53667b\" data-id=\"d53667b\" data-element_type=\"column\" data-e-type=\"column\">\n\t\t\t<div class=\"elementor-widget-wrap elementor-element-populated\">\n\t\t\t\t\t\t<div class=\"elementor-element elementor-element-a8c09a6 elementor-widget elementor-widget-video\" data-id=\"a8c09a6\" data-element_type=\"widget\" data-e-type=\"widget\" data-settings=\"{&quot;youtube_url&quot;:&quot;https:\\\/\\\/www.youtube.com\\\/watch?v=Pqh1PAGTClM&quot;,&quot;video_type&quot;:&quot;youtube&quot;,&quot;controls&quot;:&quot;yes&quot;}\" data-widget_type=\"video.default\">\n\t\t\t\t<div class=\"elementor-widget-container\">\n\t\t\t\t\t\t\t<div class=\"elementor-wrapper elementor-open-inline\">\n\t\t\t<div class=\"elementor-video\"><\/div>\t\t<\/div>\n\t\t\t\t\t\t<\/div>\n\t\t\t\t<\/div>\n\t\t\t\t\t<\/div>\n\t\t<\/div>\n\t\t\t\t<div class=\"elementor-column elementor-col-50 elementor-inner-column elementor-element elementor-element-7431fee\" data-id=\"7431fee\" data-element_type=\"column\" data-e-type=\"column\">\n\t\t\t<div class=\"elementor-widget-wrap elementor-element-populated\">\n\t\t\t\t\t\t<div class=\"elementor-element elementor-element-4eb4c29 elementor-widget elementor-widget-video\" data-id=\"4eb4c29\" data-element_type=\"widget\" data-e-type=\"widget\" data-settings=\"{&quot;youtube_url&quot;:&quot;https:\\\/\\\/www.youtube.com\\\/watch?v=7M05O6JrLoA&quot;,&quot;video_type&quot;:&quot;youtube&quot;,&quot;controls&quot;:&quot;yes&quot;}\" data-widget_type=\"video.default\">\n\t\t\t\t<div class=\"elementor-widget-container\">\n\t\t\t\t\t\t\t<div class=\"elementor-wrapper elementor-open-inline\">\n\t\t\t<div class=\"elementor-video\"><\/div>\t\t<\/div>\n\t\t\t\t\t\t<\/div>\n\t\t\t\t<\/div>\n\t\t\t\t\t<\/div>\n\t\t<\/div>\n\t\t\t\t\t<\/div>\n\t\t<\/section>\n\t\t\t\t<section class=\"elementor-section elementor-inner-section elementor-element elementor-element-2c4a868 elementor-section-boxed elementor-section-height-default elementor-section-height-default\" data-id=\"2c4a868\" data-element_type=\"section\" data-e-type=\"section\">\n\t\t\t\t\t\t<div class=\"elementor-container elementor-column-gap-default\">\n\t\t\t\t\t<div class=\"elementor-column elementor-col-50 elementor-inner-column elementor-element elementor-element-4a150c3\" data-id=\"4a150c3\" data-element_type=\"column\" data-e-type=\"column\">\n\t\t\t<div class=\"elementor-widget-wrap elementor-element-populated\">\n\t\t\t\t\t\t<div class=\"elementor-element elementor-element-8aa9fca elementor-widget elementor-widget-video\" data-id=\"8aa9fca\" data-element_type=\"widget\" data-e-type=\"widget\" data-settings=\"{&quot;youtube_url&quot;:&quot;https:\\\/\\\/www.youtube.com\\\/watch?v=ymPP5LiKJwM&quot;,&quot;video_type&quot;:&quot;youtube&quot;,&quot;controls&quot;:&quot;yes&quot;}\" data-widget_type=\"video.default\">\n\t\t\t\t<div class=\"elementor-widget-container\">\n\t\t\t\t\t\t\t<div class=\"elementor-wrapper elementor-open-inline\">\n\t\t\t<div class=\"elementor-video\"><\/div>\t\t<\/div>\n\t\t\t\t\t\t<\/div>\n\t\t\t\t<\/div>\n\t\t\t\t\t<\/div>\n\t\t<\/div>\n\t\t\t\t<div class=\"elementor-column elementor-col-50 elementor-inner-column elementor-element elementor-element-ac948d6\" data-id=\"ac948d6\" data-element_type=\"column\" data-e-type=\"column\">\n\t\t\t<div class=\"elementor-widget-wrap elementor-element-populated\">\n\t\t\t\t\t\t<div class=\"elementor-element elementor-element-a68cb31 elementor-widget elementor-widget-video\" data-id=\"a68cb31\" data-element_type=\"widget\" data-e-type=\"widget\" data-settings=\"{&quot;youtube_url&quot;:&quot;https:\\\/\\\/www.youtube.com\\\/watch?v=hs05CxQRODc&quot;,&quot;video_type&quot;:&quot;youtube&quot;,&quot;controls&quot;:&quot;yes&quot;}\" data-widget_type=\"video.default\">\n\t\t\t\t<div class=\"elementor-widget-container\">\n\t\t\t\t\t\t\t<div class=\"elementor-wrapper elementor-open-inline\">\n\t\t\t<div class=\"elementor-video\"><\/div>\t\t<\/div>\n\t\t\t\t\t\t<\/div>\n\t\t\t\t<\/div>\n\t\t\t\t\t<\/div>\n\t\t<\/div>\n\t\t\t\t\t<\/div>\n\t\t<\/section>\n\t\t\t\t<section class=\"elementor-section elementor-inner-section elementor-element elementor-element-62f315b elementor-section-boxed elementor-section-height-default elementor-section-height-default\" data-id=\"62f315b\" data-element_type=\"section\" data-e-type=\"section\">\n\t\t\t\t\t\t<div class=\"elementor-container elementor-column-gap-default\">\n\t\t\t\t\t<div class=\"elementor-column elementor-col-50 elementor-inner-column elementor-element elementor-element-6829585\" data-id=\"6829585\" data-element_type=\"column\" data-e-type=\"column\">\n\t\t\t<div class=\"elementor-widget-wrap elementor-element-populated\">\n\t\t\t\t\t\t<div class=\"elementor-element elementor-element-ceaea06 elementor-widget elementor-widget-video\" data-id=\"ceaea06\" data-element_type=\"widget\" data-e-type=\"widget\" data-settings=\"{&quot;youtube_url&quot;:&quot;https:\\\/\\\/www.youtube.com\\\/watch?v=XemwbcDyjKw&quot;,&quot;video_type&quot;:&quot;youtube&quot;,&quot;controls&quot;:&quot;yes&quot;}\" data-widget_type=\"video.default\">\n\t\t\t\t<div class=\"elementor-widget-container\">\n\t\t\t\t\t\t\t<div class=\"elementor-wrapper elementor-open-inline\">\n\t\t\t<div class=\"elementor-video\"><\/div>\t\t<\/div>\n\t\t\t\t\t\t<\/div>\n\t\t\t\t<\/div>\n\t\t\t\t\t<\/div>\n\t\t<\/div>\n\t\t\t\t<div class=\"elementor-column elementor-col-50 elementor-inner-column elementor-element elementor-element-f13f6ca\" data-id=\"f13f6ca\" data-element_type=\"column\" data-e-type=\"column\">\n\t\t\t<div class=\"elementor-widget-wrap elementor-element-populated\">\n\t\t\t\t\t\t<div class=\"elementor-element elementor-element-7c74e68 elementor-widget elementor-widget-video\" data-id=\"7c74e68\" data-element_type=\"widget\" data-e-type=\"widget\" data-settings=\"{&quot;youtube_url&quot;:&quot;https:\\\/\\\/www.youtube.com\\\/watch?v=V-tp7iQ2Tcg&quot;,&quot;video_type&quot;:&quot;youtube&quot;,&quot;controls&quot;:&quot;yes&quot;}\" data-widget_type=\"video.default\">\n\t\t\t\t<div class=\"elementor-widget-container\">\n\t\t\t\t\t\t\t<div class=\"elementor-wrapper elementor-open-inline\">\n\t\t\t<div class=\"elementor-video\"><\/div>\t\t<\/div>\n\t\t\t\t\t\t<\/div>\n\t\t\t\t<\/div>\n\t\t\t\t\t<\/div>\n\t\t<\/div>\n\t\t\t\t\t<\/div>\n\t\t<\/section>\n\t\t\t\t<section class=\"elementor-section elementor-inner-section elementor-element elementor-element-972aaef elementor-section-boxed elementor-section-height-default elementor-section-height-default\" data-id=\"972aaef\" data-element_type=\"section\" data-e-type=\"section\">\n\t\t\t\t\t\t<div class=\"elementor-container elementor-column-gap-default\">\n\t\t\t\t\t<div class=\"elementor-column elementor-col-50 elementor-inner-column elementor-element elementor-element-b83c9c8\" data-id=\"b83c9c8\" data-element_type=\"column\" data-e-type=\"column\">\n\t\t\t<div class=\"elementor-widget-wrap elementor-element-populated\">\n\t\t\t\t\t\t<div class=\"elementor-element elementor-element-915a804 elementor-widget elementor-widget-video\" data-id=\"915a804\" data-element_type=\"widget\" data-e-type=\"widget\" data-settings=\"{&quot;youtube_url&quot;:&quot;https:\\\/\\\/www.youtube.com\\\/watch?v=CTKkk3vy0jQ&quot;,&quot;video_type&quot;:&quot;youtube&quot;,&quot;controls&quot;:&quot;yes&quot;}\" data-widget_type=\"video.default\">\n\t\t\t\t<div class=\"elementor-widget-container\">\n\t\t\t\t\t\t\t<div class=\"elementor-wrapper elementor-open-inline\">\n\t\t\t<div class=\"elementor-video\"><\/div>\t\t<\/div>\n\t\t\t\t\t\t<\/div>\n\t\t\t\t<\/div>\n\t\t\t\t\t<\/div>\n\t\t<\/div>\n\t\t\t\t<div class=\"elementor-column elementor-col-50 elementor-inner-column elementor-element elementor-element-caa2868\" data-id=\"caa2868\" data-element_type=\"column\" data-e-type=\"column\">\n\t\t\t<div class=\"elementor-widget-wrap elementor-element-populated\">\n\t\t\t\t\t\t<div class=\"elementor-element elementor-element-1ccc023 elementor-widget elementor-widget-video\" data-id=\"1ccc023\" data-element_type=\"widget\" data-e-type=\"widget\" data-settings=\"{&quot;youtube_url&quot;:&quot;https:\\\/\\\/youtu.be\\\/HnXao4Y0uLA&quot;,&quot;video_type&quot;:&quot;youtube&quot;,&quot;controls&quot;:&quot;yes&quot;}\" data-widget_type=\"video.default\">\n\t\t\t\t<div class=\"elementor-widget-container\">\n\t\t\t\t\t\t\t<div class=\"elementor-wrapper elementor-open-inline\">\n\t\t\t<div class=\"elementor-video\"><\/div>\t\t<\/div>\n\t\t\t\t\t\t<\/div>\n\t\t\t\t<\/div>\n\t\t\t\t\t<\/div>\n\t\t<\/div>\n\t\t\t\t\t<\/div>\n\t\t<\/section>\n\t\t\t\t\t<\/div>\n\t\t<\/div>\n\t\t\t\t\t<\/div>\n\t\t<\/section>\n\t\t\t\t<section class=\"elementor-section elementor-top-section elementor-element elementor-element-8835be1 elementor-section-boxed elementor-section-height-default elementor-section-height-default\" data-id=\"8835be1\" data-element_type=\"section\" data-e-type=\"section\">\n\t\t\t\t\t\t<div class=\"elementor-container elementor-column-gap-default\">\n\t\t\t\t\t<div class=\"elementor-column elementor-col-100 elementor-top-column elementor-element elementor-element-66faead\" data-id=\"66faead\" data-element_type=\"column\" data-e-type=\"column\">\n\t\t\t<div class=\"elementor-widget-wrap elementor-element-populated\">\n\t\t\t\t\t\t<div class=\"elementor-element elementor-element-42f2f11 elementor-widget elementor-widget-text-editor\" data-id=\"42f2f11\" data-element_type=\"widget\" data-e-type=\"widget\" data-widget_type=\"text-editor.default\">\n\t\t\t\t<div class=\"elementor-widget-container\">\n\t\t\t\t\t\t\t\t\t<p>Long COVID Video by <a href=\"https:\/\/www.viennashots.com\" target=\"_blank\">ViennaShots <\/a> <\/p>\n\t\t\t\t\t\t\t\t<\/div>\n\t\t\t\t<\/div>\n\t\t\t\t\t<\/div>\n\t\t<\/div>\n\t\t\t\t\t<\/div>\n\t\t<\/section>\n\t\t\t\t<\/div>\n\t\t","protected":false},"excerpt":{"rendered":"<p>Videos As a specialist in orthopedics and orthopedic surgery, I am happy to answer any questions you may have about this topic. The selection of videos below offers a first insight into frequently asked questions of my patients! If there is any unanswered question, feel free to contact me!&nbsp; My videos https:\/\/www.youtube.com\/watch?v=Pqh1PAGTClMhttps:\/\/www.youtube.com\/watch?v=7M05O6JrLoAhttps:\/\/www.youtube.com\/watch?v=ymPP5LiKJwMhttps:\/\/www.youtube.com\/watch?v=hs05CxQRODchttps:\/\/www.youtube.com\/watch?v=XemwbcDyjKwhttps:\/\/www.youtube.com\/watch?v=V-tp7iQ2Tcghttps:\/\/www.youtube.com\/watch?v=CTKkk3vy0jQhttps:\/\/youtu.be\/HnXao4Y0uLA Long COVID Video&hellip;&nbsp;<a href=\"https:\/\/www.orthogruber.at\/en\/copy-worth-knowing-2\/\" rel=\"bookmark\">Read More &raquo;<span class=\"screen-reader-text\">Videos<\/span><\/a><\/p>\n","protected":false},"author":2,"featured_media":0,"parent":0,"menu_order":0,"comment_status":"closed","ping_status":"closed","template":"page-templates\/template-pagebuilder-full-width.php","meta":{"neve_meta_sidebar":"full-width","neve_meta_container":"","neve_meta_enable_content_width":"on","neve_meta_content_width":100,"neve_meta_title_alignment":"","neve_meta_author_avatar":"","neve_post_elements_order":"","neve_meta_disable_header":"","neve_meta_disable_footer":"","neve_meta_disable_title":"","neve_meta_reading_time":"","footnotes":""},"class_list":["post-3080","page","type-page","status-publish","hentry"],"yoast_head":"<!-- This site is optimized with the Yoast SEO plugin v27.3 - https:\/\/yoast.com\/product\/yoast-seo-wordpress\/ -->\n<title>Videos - Orthop\u00e4de 1080 Wien | Dr. Martin Gruber<\/title>\n<meta name=\"robots\" content=\"index, follow, max-snippet:-1, max-image-preview:large, max-video-preview:-1\" \/>\n<link rel=\"canonical\" href=\"https:\/\/www.orthogruber.at\/en\/copy-worth-knowing-2\/\" \/>\n<meta property=\"og:locale\" content=\"en_US\" \/>\n<meta property=\"og:type\" content=\"article\" \/>\n<meta property=\"og:title\" content=\"Videos - Orthop\u00e4de 1080 Wien | Dr. Martin Gruber\" \/>\n<meta property=\"og:description\" content=\"Videos As a specialist in orthopedics and orthopedic surgery, I am happy to answer any questions you may have about this topic. The selection of videos below offers a first insight into frequently asked questions of my patients! If there is any unanswered question, feel free to contact me!&nbsp; My videos https:\/\/www.youtube.com\/watch?v=Pqh1PAGTClMhttps:\/\/www.youtube.com\/watch?v=7M05O6JrLoAhttps:\/\/www.youtube.com\/watch?v=ymPP5LiKJwMhttps:\/\/www.youtube.com\/watch?v=hs05CxQRODchttps:\/\/www.youtube.com\/watch?v=XemwbcDyjKwhttps:\/\/www.youtube.com\/watch?v=V-tp7iQ2Tcghttps:\/\/www.youtube.com\/watch?v=CTKkk3vy0jQhttps:\/\/youtu.be\/HnXao4Y0uLA Long COVID Video&hellip;&nbsp;Read More &raquo;Videos\" \/>\n<meta property=\"og:url\" content=\"https:\/\/www.orthogruber.at\/en\/copy-worth-knowing-2\/\" \/>\n<meta property=\"og:site_name\" content=\"Orthop\u00e4de 1080 Wien | Dr. Martin Gruber\" \/>\n<meta property=\"article:modified_time\" content=\"2023-12-24T13:50:46+00:00\" \/>\n<meta name=\"twitter:card\" content=\"summary_large_image\" \/>\n<meta name=\"twitter:label1\" content=\"Est. reading time\" \/>\n\t<meta name=\"twitter:data1\" content=\"1 minute\" \/>\n<script type=\"application\/ld+json\" class=\"yoast-schema-graph\">{\"@context\":\"https:\\\/\\\/schema.org\",\"@graph\":[{\"@type\":\"WebPage\",\"@id\":\"https:\\\/\\\/www.orthogruber.at\\\/en\\\/copy-worth-knowing-2\\\/\",\"url\":\"https:\\\/\\\/www.orthogruber.at\\\/en\\\/copy-worth-knowing-2\\\/\",\"name\":\"Videos - Orthop\u00e4de 1080 Wien | Dr. Martin Gruber\",\"isPartOf\":{\"@id\":\"https:\\\/\\\/www.orthogruber.at\\\/en\\\/#website\"},\"datePublished\":\"2023-04-20T05:58:23+00:00\",\"dateModified\":\"2023-12-24T13:50:46+00:00\",\"breadcrumb\":{\"@id\":\"https:\\\/\\\/www.orthogruber.at\\\/en\\\/copy-worth-knowing-2\\\/#breadcrumb\"},\"inLanguage\":\"en-US\",\"potentialAction\":[{\"@type\":\"ReadAction\",\"target\":[\"https:\\\/\\\/www.orthogruber.at\\\/en\\\/copy-worth-knowing-2\\\/\"]}]},{\"@type\":\"BreadcrumbList\",\"@id\":\"https:\\\/\\\/www.orthogruber.at\\\/en\\\/copy-worth-knowing-2\\\/#breadcrumb\",\"itemListElement\":[{\"@type\":\"ListItem\",\"position\":1,\"name\":\"Home\",\"item\":\"https:\\\/\\\/www.orthogruber.at\\\/en\\\/\"},{\"@type\":\"ListItem\",\"position\":2,\"name\":\"Videos\"}]},{\"@type\":\"WebSite\",\"@id\":\"https:\\\/\\\/www.orthogruber.at\\\/en\\\/#website\",\"url\":\"https:\\\/\\\/www.orthogruber.at\\\/en\\\/\",\"name\":\"Orthop\u00e4de 1080 Wien | Dr. Martin Gruber\",\"description\":\"Facharzt f\u00fcr Orthop\u00e4die &amp; orthop\u00e4dische Chirurgie\",\"publisher\":{\"@id\":\"https:\\\/\\\/www.orthogruber.at\\\/en\\\/#organization\"},\"potentialAction\":[{\"@type\":\"SearchAction\",\"target\":{\"@type\":\"EntryPoint\",\"urlTemplate\":\"https:\\\/\\\/www.orthogruber.at\\\/en\\\/?s={search_term_string}\"},\"query-input\":{\"@type\":\"PropertyValueSpecification\",\"valueRequired\":true,\"valueName\":\"search_term_string\"}}],\"inLanguage\":\"en-US\"},{\"@type\":\"Organization\",\"@id\":\"https:\\\/\\\/www.orthogruber.at\\\/en\\\/#organization\",\"name\":\"Orthop\u00e4de 1080 Wien | Dr. Martin Gruber\",\"url\":\"https:\\\/\\\/www.orthogruber.at\\\/en\\\/\",\"logo\":{\"@type\":\"ImageObject\",\"inLanguage\":\"en-US\",\"@id\":\"https:\\\/\\\/www.orthogruber.at\\\/en\\\/#\\\/schema\\\/logo\\\/image\\\/\",\"url\":\"https:\\\/\\\/www.orthogruber.at\\\/wp-content\\\/uploads\\\/2021\\\/06\\\/Dr.-Martin-Gruber-1-.png\",\"contentUrl\":\"https:\\\/\\\/www.orthogruber.at\\\/wp-content\\\/uploads\\\/2021\\\/06\\\/Dr.-Martin-Gruber-1-.png\",\"width\":593,\"height\":593,\"caption\":\"Orthop\u00e4de 1080 Wien | Dr. Martin Gruber\"},\"image\":{\"@id\":\"https:\\\/\\\/www.orthogruber.at\\\/en\\\/#\\\/schema\\\/logo\\\/image\\\/\"}}]}<\/script>\n<!-- \/ Yoast SEO plugin. -->","yoast_head_json":{"title":"Videos - Orthop\u00e4de 1080 Wien | Dr. Martin Gruber","robots":{"index":"index","follow":"follow","max-snippet":"max-snippet:-1","max-image-preview":"max-image-preview:large","max-video-preview":"max-video-preview:-1"},"canonical":"https:\/\/www.orthogruber.at\/en\/copy-worth-knowing-2\/","og_locale":"en_US","og_type":"article","og_title":"Videos - Orthop\u00e4de 1080 Wien | Dr. Martin Gruber","og_description":"Videos As a specialist in orthopedics and orthopedic surgery, I am happy to answer any questions you may have about this topic. The selection of videos below offers a first insight into frequently asked questions of my patients! If there is any unanswered question, feel free to contact me!&nbsp; My videos https:\/\/www.youtube.com\/watch?v=Pqh1PAGTClMhttps:\/\/www.youtube.com\/watch?v=7M05O6JrLoAhttps:\/\/www.youtube.com\/watch?v=ymPP5LiKJwMhttps:\/\/www.youtube.com\/watch?v=hs05CxQRODchttps:\/\/www.youtube.com\/watch?v=XemwbcDyjKwhttps:\/\/www.youtube.com\/watch?v=V-tp7iQ2Tcghttps:\/\/www.youtube.com\/watch?v=CTKkk3vy0jQhttps:\/\/youtu.be\/HnXao4Y0uLA Long COVID Video&hellip;&nbsp;Read More &raquo;Videos","og_url":"https:\/\/www.orthogruber.at\/en\/copy-worth-knowing-2\/","og_site_name":"Orthop\u00e4de 1080 Wien | Dr. Martin Gruber","article_modified_time":"2023-12-24T13:50:46+00:00","twitter_card":"summary_large_image","twitter_misc":{"Est. reading time":"1 minute"},"schema":{"@context":"https:\/\/schema.org","@graph":[{"@type":"WebPage","@id":"https:\/\/www.orthogruber.at\/en\/copy-worth-knowing-2\/","url":"https:\/\/www.orthogruber.at\/en\/copy-worth-knowing-2\/","name":"Videos - Orthop\u00e4de 1080 Wien | Dr. Martin Gruber","isPartOf":{"@id":"https:\/\/www.orthogruber.at\/en\/#website"},"datePublished":"2023-04-20T05:58:23+00:00","dateModified":"2023-12-24T13:50:46+00:00","breadcrumb":{"@id":"https:\/\/www.orthogruber.at\/en\/copy-worth-knowing-2\/#breadcrumb"},"inLanguage":"en-US","potentialAction":[{"@type":"ReadAction","target":["https:\/\/www.orthogruber.at\/en\/copy-worth-knowing-2\/"]}]},{"@type":"BreadcrumbList","@id":"https:\/\/www.orthogruber.at\/en\/copy-worth-knowing-2\/#breadcrumb","itemListElement":[{"@type":"ListItem","position":1,"name":"Home","item":"https:\/\/www.orthogruber.at\/en\/"},{"@type":"ListItem","position":2,"name":"Videos"}]},{"@type":"WebSite","@id":"https:\/\/www.orthogruber.at\/en\/#website","url":"https:\/\/www.orthogruber.at\/en\/","name":"Orthop\u00e4de 1080 Wien | Dr. Martin Gruber","description":"Facharzt f\u00fcr Orthop\u00e4die &amp; orthop\u00e4dische Chirurgie","publisher":{"@id":"https:\/\/www.orthogruber.at\/en\/#organization"},"potentialAction":[{"@type":"SearchAction","target":{"@type":"EntryPoint","urlTemplate":"https:\/\/www.orthogruber.at\/en\/?s={search_term_string}"},"query-input":{"@type":"PropertyValueSpecification","valueRequired":true,"valueName":"search_term_string"}}],"inLanguage":"en-US"},{"@type":"Organization","@id":"https:\/\/www.orthogruber.at\/en\/#organization","name":"Orthop\u00e4de 1080 Wien | Dr. Martin Gruber","url":"https:\/\/www.orthogruber.at\/en\/","logo":{"@type":"ImageObject","inLanguage":"en-US","@id":"https:\/\/www.orthogruber.at\/en\/#\/schema\/logo\/image\/","url":"https:\/\/www.orthogruber.at\/wp-content\/uploads\/2021\/06\/Dr.-Martin-Gruber-1-.png","contentUrl":"https:\/\/www.orthogruber.at\/wp-content\/uploads\/2021\/06\/Dr.-Martin-Gruber-1-.png","width":593,"height":593,"caption":"Orthop\u00e4de 1080 Wien | Dr. Martin Gruber"},"image":{"@id":"https:\/\/www.orthogruber.at\/en\/#\/schema\/logo\/image\/"}}]}},"_links":{"self":[{"href":"https:\/\/www.orthogruber.at\/en\/wp-json\/wp\/v2\/pages\/3080","targetHints":{"allow":["GET"]}}],"collection":[{"href":"https:\/\/www.orthogruber.at\/en\/wp-json\/wp\/v2\/pages"}],"about":[{"href":"https:\/\/www.orthogruber.at\/en\/wp-json\/wp\/v2\/types\/page"}],"author":[{"embeddable":true,"href":"https:\/\/www.orthogruber.at\/en\/wp-json\/wp\/v2\/users\/2"}],"replies":[{"embeddable":true,"href":"https:\/\/www.orthogruber.at\/en\/wp-json\/wp\/v2\/comments?post=3080"}],"version-history":[{"count":0,"href":"https:\/\/www.orthogruber.at\/en\/wp-json\/wp\/v2\/pages\/3080\/revisions"}],"wp:attachment":[{"href":"https:\/\/www.orthogruber.at\/en\/wp-json\/wp\/v2\/media?parent=3080"}],"curies":[{"name":"wp","href":"https:\/\/api.w.org\/{rel}","templated":true}]}}