{"id":2487,"date":"2021-10-01T09:02:42","date_gmt":"2021-10-01T07:02:42","guid":{"rendered":"https:\/\/www.orthogruber.at\/hip\/"},"modified":"2024-05-29T14:34:31","modified_gmt":"2024-05-29T12:34:31","slug":"hip","status":"publish","type":"page","link":"https:\/\/www.orthogruber.at\/en\/hip\/","title":{"rendered":"Hip"},"content":{"rendered":"\t\t<div data-elementor-type=\"wp-page\" data-elementor-id=\"2487\" class=\"elementor elementor-2487 elementor-596\" data-elementor-post-type=\"page\">\n\t\t\t\t\t\t<section class=\"elementor-section elementor-top-section elementor-element elementor-element-6f4f6810 elementor-section-boxed elementor-section-height-default elementor-section-height-default\" data-id=\"6f4f6810\" data-element_type=\"section\" data-e-type=\"section\" data-settings=\"{&quot;background_background&quot;:&quot;classic&quot;}\">\n\t\t\t\t\t\t<div class=\"elementor-container elementor-column-gap-default\">\n\t\t\t\t\t<div class=\"elementor-column elementor-col-100 elementor-top-column elementor-element elementor-element-78be4618\" data-id=\"78be4618\" data-element_type=\"column\" data-e-type=\"column\">\n\t\t\t<div class=\"elementor-widget-wrap elementor-element-populated\">\n\t\t\t\t\t\t<div class=\"elementor-element elementor-element-3d8baccc elementor-widget elementor-widget-heading\" data-id=\"3d8baccc\" data-element_type=\"widget\" data-e-type=\"widget\" data-widget_type=\"heading.default\">\n\t\t\t\t<div class=\"elementor-widget-container\">\n\t\t\t\t\t<h1 class=\"elementor-heading-title elementor-size-default\">The hip<\/h1>\t\t\t\t<\/div>\n\t\t\t\t<\/div>\n\t\t\t\t\t<\/div>\n\t\t<\/div>\n\t\t\t\t\t<\/div>\n\t\t<\/section>\n\t\t\t\t<section class=\"elementor-section elementor-top-section elementor-element elementor-element-1eaef97d elementor-section-boxed elementor-section-height-default elementor-section-height-default\" data-id=\"1eaef97d\" data-element_type=\"section\" data-e-type=\"section\">\n\t\t\t\t\t\t<div class=\"elementor-container elementor-column-gap-default\">\n\t\t\t\t\t<div class=\"elementor-column elementor-col-100 elementor-top-column elementor-element elementor-element-1a3a296a\" data-id=\"1a3a296a\" data-element_type=\"column\" data-e-type=\"column\" data-settings=\"{&quot;background_background&quot;:&quot;classic&quot;}\">\n\t\t\t<div class=\"elementor-widget-wrap elementor-element-populated\">\n\t\t\t\t\t\t<div class=\"elementor-element elementor-element-5e2fc4f0 elementor-widget elementor-widget-text-editor\" data-id=\"5e2fc4f0\" data-element_type=\"widget\" data-e-type=\"widget\" data-widget_type=\"text-editor.default\">\n\t\t\t\t<div class=\"elementor-widget-container\">\n\t\t\t\t\t\t\t\t\t<p>Hip surgery is one of those surgical treatments that has undergone the most dynamic development and improvement in recent years. The implants are <b>more durable<\/b> and <b>of higher quality<\/b>, the interventions can now be performed in a minimally invasive way, and the healing process until the patient can bear weight again is thus much faster &#8211; with a new hip, patients can now often walk again after a few days. I often treat hips in conjunction with knee surgery, as one deformity often causes another and my goal is to get the entire musculoskeletal system functionally mobile again.<\/p>\n\t\t\t\t\t\t\t\t<\/div>\n\t\t\t\t<\/div>\n\t\t\t\t\t<\/div>\n\t\t<\/div>\n\t\t\t\t\t<\/div>\n\t\t<\/section>\n\t\t\t\t<section class=\"elementor-section elementor-top-section elementor-element elementor-element-8d9522d elementor-section-boxed elementor-section-height-default elementor-section-height-default\" data-id=\"8d9522d\" data-element_type=\"section\" data-e-type=\"section\" data-settings=\"{&quot;background_background&quot;:&quot;classic&quot;}\">\n\t\t\t\t\t\t<div class=\"elementor-container elementor-column-gap-default\">\n\t\t\t\t\t<div class=\"elementor-column elementor-col-100 elementor-top-column elementor-element elementor-element-6a282556\" data-id=\"6a282556\" data-element_type=\"column\" data-e-type=\"column\">\n\t\t\t<div class=\"elementor-widget-wrap elementor-element-populated\">\n\t\t\t\t\t\t<div class=\"elementor-element elementor-element-23a4a7e9 elementor-widget elementor-widget-heading\" data-id=\"23a4a7e9\" data-element_type=\"widget\" data-e-type=\"widget\" data-widget_type=\"heading.default\">\n\t\t\t\t<div class=\"elementor-widget-container\">\n\t\t\t\t\t<h2 class=\"elementor-heading-title elementor-size-default\">My treatment spectrum - hip<\/h2>\t\t\t\t<\/div>\n\t\t\t\t<\/div>\n\t\t\t\t<div class=\"elementor-element elementor-element-55e76ca elementor-widget-divider--view-line elementor-widget elementor-widget-divider\" data-id=\"55e76ca\" data-element_type=\"widget\" data-e-type=\"widget\" data-widget_type=\"divider.default\">\n\t\t\t\t<div class=\"elementor-widget-container\">\n\t\t\t\t\t\t\t<div class=\"elementor-divider\">\n\t\t\t<span class=\"elementor-divider-separator\">\n\t\t\t\t\t\t<\/span>\n\t\t<\/div>\n\t\t\t\t\t\t<\/div>\n\t\t\t\t<\/div>\n\t\t\t\t\t<\/div>\n\t\t<\/div>\n\t\t\t\t\t<\/div>\n\t\t<\/section>\n\t\t\t\t<section class=\"elementor-section elementor-top-section elementor-element elementor-element-6f11dcfb elementor-section-boxed elementor-section-height-default elementor-section-height-default\" data-id=\"6f11dcfb\" data-element_type=\"section\" data-e-type=\"section\">\n\t\t\t\t\t\t<div class=\"elementor-container elementor-column-gap-default\">\n\t\t\t\t\t<div class=\"elementor-column elementor-col-50 elementor-top-column elementor-element elementor-element-dc550fb\" data-id=\"dc550fb\" data-element_type=\"column\" data-e-type=\"column\" data-settings=\"{&quot;background_background&quot;:&quot;classic&quot;}\">\n\t\t\t<div class=\"elementor-widget-wrap elementor-element-populated\">\n\t\t\t\t\t\t<div class=\"elementor-element elementor-element-4d3e20a2 elementor-cta--skin-cover elementor-animated-content elementor-bg-transform elementor-bg-transform-zoom-in elementor-widget elementor-widget-call-to-action\" data-id=\"4d3e20a2\" data-element_type=\"widget\" data-e-type=\"widget\" data-widget_type=\"call-to-action.default\">\n\t\t\t\t<div class=\"elementor-widget-container\">\n\t\t\t\t\t\t\t<a class=\"elementor-cta\" href=\"https:\/\/www.orthogruber.at\/en\/coxarthrosis\/\">\n\t\t\t\t\t<div class=\"elementor-cta__bg-wrapper\">\n\t\t\t\t<div class=\"elementor-cta__bg elementor-bg\" style=\"background-image: url(https:\/\/www.orthogruber.at\/wp-content\/uploads\/2021\/10\/Huefte-Cox-RZ-1024x1024.jpg);\" role=\"img\" aria-label=\"Zeichnung einer H\u00fcfte mit Coxarthrose\"><\/div>\n\t\t\t\t<div class=\"elementor-cta__bg-overlay\"><\/div>\n\t\t\t<\/div>\n\t\t\t\t\t\t\t<div class=\"elementor-cta__content\">\n\t\t\t\t\n\t\t\t\t\t\t\t\t\t<h2 class=\"elementor-cta__title elementor-cta__content-item elementor-content-item elementor-animated-item--grow\">\n\t\t\t\t\t\t \t\t\t\t\t<\/h2>\n\t\t\t\t\n\t\t\t\t\n\t\t\t\t\t\t\t<\/div>\n\t\t\t\t\t\t<\/a>\n\t\t\t\t\t\t<\/div>\n\t\t\t\t<\/div>\n\t\t\t\t\t<\/div>\n\t\t<\/div>\n\t\t\t\t<div class=\"elementor-column elementor-col-50 elementor-top-column elementor-element elementor-element-5d3f6964\" data-id=\"5d3f6964\" data-element_type=\"column\" data-e-type=\"column\" data-settings=\"{&quot;background_background&quot;:&quot;classic&quot;}\">\n\t\t\t<div class=\"elementor-widget-wrap elementor-element-populated\">\n\t\t\t\t\t\t<div class=\"elementor-element elementor-element-1b4b223 elementor-widget elementor-widget-heading\" data-id=\"1b4b223\" data-element_type=\"widget\" data-e-type=\"widget\" data-widget_type=\"heading.default\">\n\t\t\t\t<div class=\"elementor-widget-container\">\n\t\t\t\t\t<h2 class=\"elementor-heading-title elementor-size-default\">COXARTHROSIS<\/h2>\t\t\t\t<\/div>\n\t\t\t\t<\/div>\n\t\t\t\t<div class=\"elementor-element elementor-element-3d14e9f1 elementor-widget elementor-widget-text-editor\" data-id=\"3d14e9f1\" data-element_type=\"widget\" data-e-type=\"widget\" data-widget_type=\"text-editor.default\">\n\t\t\t\t<div class=\"elementor-widget-container\">\n\t\t\t\t\t\t\t\t\t<p> <b>Coxarthrosis<\/b> is the wear and tear of the hip joint caused by long-term incorrect loading. Even during normal or healthy walking, the hip must support three to four times the body weight with each step. Incorrect movements, shortened muscles &#8211; which are extremely strong, especially in the hip &#8211; or unfavorable sports accelerate the wear and tear of what is after all the second largest joint in the body.<\/p>\n\t\t\t\t\t\t\t\t<\/div>\n\t\t\t\t<\/div>\n\t\t\t\t<div class=\"elementor-element elementor-element-54965947 elementor-align-center elementor-widget elementor-widget-button\" data-id=\"54965947\" data-element_type=\"widget\" data-e-type=\"widget\" data-widget_type=\"button.default\">\n\t\t\t\t<div class=\"elementor-widget-container\">\n\t\t\t\t\t\t\t\t\t<div class=\"elementor-button-wrapper\">\n\t\t\t\t\t<a class=\"elementor-button elementor-button-link elementor-size-sm elementor-animation-grow\" href=\"https:\/\/www.orthogruber.at\/en\/coxarthrosis\/\">\n\t\t\t\t\t\t<span class=\"elementor-button-content-wrapper\">\n\t\t\t\t\t\t\t\t\t<span class=\"elementor-button-text\">MY TREATMENT SPECTRUM<\/span>\n\t\t\t\t\t<\/span>\n\t\t\t\t\t<\/a>\n\t\t\t\t<\/div>\n\t\t\t\t\t\t\t\t<\/div>\n\t\t\t\t<\/div>\n\t\t\t\t\t<\/div>\n\t\t<\/div>\n\t\t\t\t\t<\/div>\n\t\t<\/section>\n\t\t\t\t<section class=\"elementor-section elementor-top-section elementor-element elementor-element-541a7d8 elementor-section-boxed elementor-section-height-default elementor-section-height-default\" data-id=\"541a7d8\" data-element_type=\"section\" data-e-type=\"section\">\n\t\t\t\t\t\t<div class=\"elementor-container elementor-column-gap-default\">\n\t\t\t\t\t<div class=\"elementor-column elementor-col-100 elementor-top-column elementor-element elementor-element-52da5a1\" data-id=\"52da5a1\" data-element_type=\"column\" data-e-type=\"column\" data-settings=\"{&quot;background_background&quot;:&quot;classic&quot;}\">\n\t\t\t<div class=\"elementor-widget-wrap elementor-element-populated\">\n\t\t\t\t\t\t<div class=\"elementor-element elementor-element-1e2a673 elementor-widget-divider--view-line elementor-widget elementor-widget-divider\" data-id=\"1e2a673\" data-element_type=\"widget\" data-e-type=\"widget\" data-widget_type=\"divider.default\">\n\t\t\t\t<div class=\"elementor-widget-container\">\n\t\t\t\t\t\t\t<div class=\"elementor-divider\">\n\t\t\t<span class=\"elementor-divider-separator\">\n\t\t\t\t\t\t<\/span>\n\t\t<\/div>\n\t\t\t\t\t\t<\/div>\n\t\t\t\t<\/div>\n\t\t\t\t\t<\/div>\n\t\t<\/div>\n\t\t\t\t\t<\/div>\n\t\t<\/section>\n\t\t\t\t<section class=\"elementor-section elementor-top-section elementor-element elementor-element-52d6868a elementor-section-boxed elementor-section-height-default elementor-section-height-default\" data-id=\"52d6868a\" data-element_type=\"section\" data-e-type=\"section\">\n\t\t\t\t\t\t<div class=\"elementor-container elementor-column-gap-default\">\n\t\t\t\t\t<div class=\"elementor-column elementor-col-50 elementor-top-column elementor-element elementor-element-10f112e6\" data-id=\"10f112e6\" data-element_type=\"column\" data-e-type=\"column\" data-settings=\"{&quot;background_background&quot;:&quot;classic&quot;}\">\n\t\t\t<div class=\"elementor-widget-wrap elementor-element-populated\">\n\t\t\t\t\t\t<div class=\"elementor-element elementor-element-7b582d3d elementor-cta--skin-cover elementor-animated-content elementor-bg-transform elementor-bg-transform-zoom-in elementor-widget elementor-widget-call-to-action\" data-id=\"7b582d3d\" data-element_type=\"widget\" data-e-type=\"widget\" data-widget_type=\"call-to-action.default\">\n\t\t\t\t<div class=\"elementor-widget-container\">\n\t\t\t\t\t\t\t<a class=\"elementor-cta\" href=\"https:\/\/orthogruber.at\/engpasssyndrom-der-huefte\/\">\n\t\t\t\t\t<div class=\"elementor-cta__bg-wrapper\">\n\t\t\t\t<div class=\"elementor-cta__bg elementor-bg\" style=\"background-image: url(https:\/\/www.orthogruber.at\/wp-content\/uploads\/2021\/10\/Huefte-Cam-RZ-1024x1024.jpg);\" role=\"img\" aria-label=\"H\u00fcfte\"><\/div>\n\t\t\t\t<div class=\"elementor-cta__bg-overlay\"><\/div>\n\t\t\t<\/div>\n\t\t\t\t\t\t\t<div class=\"elementor-cta__content\">\n\t\t\t\t\n\t\t\t\t\t\t\t\t\t<h2 class=\"elementor-cta__title elementor-cta__content-item elementor-content-item elementor-animated-item--grow\">\n\t\t\t\t\t\t \t\t\t\t\t<\/h2>\n\t\t\t\t\n\t\t\t\t\n\t\t\t\t\t\t\t<\/div>\n\t\t\t\t\t\t<\/a>\n\t\t\t\t\t\t<\/div>\n\t\t\t\t<\/div>\n\t\t\t\t\t<\/div>\n\t\t<\/div>\n\t\t\t\t<div class=\"elementor-column elementor-col-50 elementor-top-column elementor-element elementor-element-277e62f3\" data-id=\"277e62f3\" data-element_type=\"column\" data-e-type=\"column\" data-settings=\"{&quot;background_background&quot;:&quot;classic&quot;}\">\n\t\t\t<div class=\"elementor-widget-wrap elementor-element-populated\">\n\t\t\t\t\t\t<div class=\"elementor-element elementor-element-56a1775 elementor-widget elementor-widget-heading\" data-id=\"56a1775\" data-element_type=\"widget\" data-e-type=\"widget\" data-widget_type=\"heading.default\">\n\t\t\t\t<div class=\"elementor-widget-container\">\n\t\t\t\t\t<h2 class=\"elementor-heading-title elementor-size-default\">BOTTLENECK SYNDROME<\/h2>\t\t\t\t<\/div>\n\t\t\t\t<\/div>\n\t\t\t\t<div class=\"elementor-element elementor-element-7ad1a9b0 elementor-widget elementor-widget-text-editor\" data-id=\"7ad1a9b0\" data-element_type=\"widget\" data-e-type=\"widget\" data-widget_type=\"text-editor.default\">\n\t\t\t\t<div class=\"elementor-widget-container\">\n\t\t\t\t\t\t\t\t\t<p>Bony changes in the glenoid cavity and the joint head restrict mobility. In this painful disease of the hip, the cartilage is also heavily stressed and subsequently worn away.<\/p>\n\t\t\t\t\t\t\t\t<\/div>\n\t\t\t\t<\/div>\n\t\t\t\t<div class=\"elementor-element elementor-element-1af54386 elementor-align-center elementor-widget elementor-widget-button\" data-id=\"1af54386\" data-element_type=\"widget\" data-e-type=\"widget\" data-widget_type=\"button.default\">\n\t\t\t\t<div class=\"elementor-widget-container\">\n\t\t\t\t\t\t\t\t\t<div class=\"elementor-button-wrapper\">\n\t\t\t\t\t<a class=\"elementor-button elementor-button-link elementor-size-sm elementor-animation-grow\" href=\"https:\/\/orthogruber.at\/engpasssyndrom-der-huefte\/\">\n\t\t\t\t\t\t<span class=\"elementor-button-content-wrapper\">\n\t\t\t\t\t\t\t\t\t<span class=\"elementor-button-text\">MY TREATMENT SPECTRUM<\/span>\n\t\t\t\t\t<\/span>\n\t\t\t\t\t<\/a>\n\t\t\t\t<\/div>\n\t\t\t\t\t\t\t\t<\/div>\n\t\t\t\t<\/div>\n\t\t\t\t\t<\/div>\n\t\t<\/div>\n\t\t\t\t\t<\/div>\n\t\t<\/section>\n\t\t\t\t<\/div>\n\t\t","protected":false},"excerpt":{"rendered":"<p>The hip Hip surgery is one of those surgical treatments that has undergone the most dynamic development and improvement in recent years. The implants are more durable and of higher quality, the interventions can now be performed in a minimally invasive way, and the healing process until the patient can bear weight again is thus&hellip;&nbsp;<a href=\"https:\/\/www.orthogruber.at\/en\/hip\/\" rel=\"bookmark\">Read More &raquo;<span class=\"screen-reader-text\">Hip<\/span><\/a><\/p>\n","protected":false},"author":2,"featured_media":0,"parent":0,"menu_order":0,"comment_status":"closed","ping_status":"closed","template":"page-templates\/template-pagebuilder-full-width.php","meta":{"neve_meta_sidebar":"full-width","neve_meta_container":"","neve_meta_enable_content_width":"on","neve_meta_content_width":100,"neve_meta_title_alignment":"","neve_meta_author_avatar":"","neve_post_elements_order":"","neve_meta_disable_header":"","neve_meta_disable_footer":"","neve_meta_disable_title":"","neve_meta_reading_time":"","footnotes":""},"class_list":["post-2487","page","type-page","status-publish","hentry"],"yoast_head":"<!-- This site is optimized with the Yoast SEO plugin v27.3 - https:\/\/yoast.com\/product\/yoast-seo-wordpress\/ -->\n<title>Hip Specialist Vienna | Hip Surgery | Orthopaedist Vienna | Dr. Gruber<\/title>\n<meta name=\"description\" content=\"As a hip specialist, I take care of various clinical pictures of the hip, such as hip impingement or coxarthrosis.\" \/>\n<meta name=\"robots\" content=\"index, follow, max-snippet:-1, max-image-preview:large, max-video-preview:-1\" \/>\n<link rel=\"canonical\" href=\"https:\/\/www.orthogruber.at\/en\/hip\/\" \/>\n<meta property=\"og:locale\" content=\"en_US\" \/>\n<meta property=\"og:type\" content=\"article\" \/>\n<meta property=\"og:title\" content=\"Hip Specialist Vienna | Hip Surgery | Orthopaedist Vienna | Dr. Gruber\" \/>\n<meta property=\"og:description\" content=\"As a hip specialist, I take care of various clinical pictures of the hip, such as hip impingement or coxarthrosis.\" \/>\n<meta property=\"og:url\" content=\"https:\/\/www.orthogruber.at\/en\/hip\/\" \/>\n<meta property=\"og:site_name\" content=\"Orthop\u00e4de 1080 Wien | Dr. Martin Gruber\" \/>\n<meta property=\"article:modified_time\" content=\"2024-05-29T12:34:31+00:00\" \/>\n<meta name=\"twitter:card\" content=\"summary_large_image\" \/>\n<meta name=\"twitter:label1\" content=\"Est. reading time\" \/>\n\t<meta name=\"twitter:data1\" content=\"1 minute\" \/>\n<script type=\"application\/ld+json\" class=\"yoast-schema-graph\">{\"@context\":\"https:\\\/\\\/schema.org\",\"@graph\":[{\"@type\":\"WebPage\",\"@id\":\"https:\\\/\\\/www.orthogruber.at\\\/en\\\/hip\\\/\",\"url\":\"https:\\\/\\\/www.orthogruber.at\\\/en\\\/hip\\\/\",\"name\":\"Hip Specialist Vienna | Hip Surgery | Orthopaedist Vienna | Dr. Gruber\",\"isPartOf\":{\"@id\":\"https:\\\/\\\/www.orthogruber.at\\\/en\\\/#website\"},\"datePublished\":\"2021-10-01T07:02:42+00:00\",\"dateModified\":\"2024-05-29T12:34:31+00:00\",\"description\":\"As a hip specialist, I take care of various clinical pictures of the hip, such as hip impingement or coxarthrosis.\",\"breadcrumb\":{\"@id\":\"https:\\\/\\\/www.orthogruber.at\\\/en\\\/hip\\\/#breadcrumb\"},\"inLanguage\":\"en-US\",\"potentialAction\":[{\"@type\":\"ReadAction\",\"target\":[\"https:\\\/\\\/www.orthogruber.at\\\/en\\\/hip\\\/\"]}]},{\"@type\":\"BreadcrumbList\",\"@id\":\"https:\\\/\\\/www.orthogruber.at\\\/en\\\/hip\\\/#breadcrumb\",\"itemListElement\":[{\"@type\":\"ListItem\",\"position\":1,\"name\":\"Home\",\"item\":\"https:\\\/\\\/www.orthogruber.at\\\/en\\\/\"},{\"@type\":\"ListItem\",\"position\":2,\"name\":\"Hip\"}]},{\"@type\":\"WebSite\",\"@id\":\"https:\\\/\\\/www.orthogruber.at\\\/en\\\/#website\",\"url\":\"https:\\\/\\\/www.orthogruber.at\\\/en\\\/\",\"name\":\"Orthop\u00e4de 1080 Wien | Dr. Martin Gruber\",\"description\":\"Facharzt f\u00fcr Orthop\u00e4die &amp; orthop\u00e4dische Chirurgie\",\"publisher\":{\"@id\":\"https:\\\/\\\/www.orthogruber.at\\\/en\\\/#organization\"},\"potentialAction\":[{\"@type\":\"SearchAction\",\"target\":{\"@type\":\"EntryPoint\",\"urlTemplate\":\"https:\\\/\\\/www.orthogruber.at\\\/en\\\/?s={search_term_string}\"},\"query-input\":{\"@type\":\"PropertyValueSpecification\",\"valueRequired\":true,\"valueName\":\"search_term_string\"}}],\"inLanguage\":\"en-US\"},{\"@type\":\"Organization\",\"@id\":\"https:\\\/\\\/www.orthogruber.at\\\/en\\\/#organization\",\"name\":\"Orthop\u00e4de 1080 Wien | Dr. Martin Gruber\",\"url\":\"https:\\\/\\\/www.orthogruber.at\\\/en\\\/\",\"logo\":{\"@type\":\"ImageObject\",\"inLanguage\":\"en-US\",\"@id\":\"https:\\\/\\\/www.orthogruber.at\\\/en\\\/#\\\/schema\\\/logo\\\/image\\\/\",\"url\":\"https:\\\/\\\/www.orthogruber.at\\\/wp-content\\\/uploads\\\/2021\\\/06\\\/Dr.-Martin-Gruber-1-.png\",\"contentUrl\":\"https:\\\/\\\/www.orthogruber.at\\\/wp-content\\\/uploads\\\/2021\\\/06\\\/Dr.-Martin-Gruber-1-.png\",\"width\":593,\"height\":593,\"caption\":\"Orthop\u00e4de 1080 Wien | Dr. Martin Gruber\"},\"image\":{\"@id\":\"https:\\\/\\\/www.orthogruber.at\\\/en\\\/#\\\/schema\\\/logo\\\/image\\\/\"}}]}<\/script>\n<!-- \/ Yoast SEO plugin. -->","yoast_head_json":{"title":"Hip Specialist Vienna | Hip Surgery | Orthopaedist Vienna | Dr. Gruber","description":"As a hip specialist, I take care of various clinical pictures of the hip, such as hip impingement or coxarthrosis.","robots":{"index":"index","follow":"follow","max-snippet":"max-snippet:-1","max-image-preview":"max-image-preview:large","max-video-preview":"max-video-preview:-1"},"canonical":"https:\/\/www.orthogruber.at\/en\/hip\/","og_locale":"en_US","og_type":"article","og_title":"Hip Specialist Vienna | Hip Surgery | Orthopaedist Vienna | Dr. Gruber","og_description":"As a hip specialist, I take care of various clinical pictures of the hip, such as hip impingement or coxarthrosis.","og_url":"https:\/\/www.orthogruber.at\/en\/hip\/","og_site_name":"Orthop\u00e4de 1080 Wien | Dr. Martin Gruber","article_modified_time":"2024-05-29T12:34:31+00:00","twitter_card":"summary_large_image","twitter_misc":{"Est. reading time":"1 minute"},"schema":{"@context":"https:\/\/schema.org","@graph":[{"@type":"WebPage","@id":"https:\/\/www.orthogruber.at\/en\/hip\/","url":"https:\/\/www.orthogruber.at\/en\/hip\/","name":"Hip Specialist Vienna | Hip Surgery | Orthopaedist Vienna | Dr. Gruber","isPartOf":{"@id":"https:\/\/www.orthogruber.at\/en\/#website"},"datePublished":"2021-10-01T07:02:42+00:00","dateModified":"2024-05-29T12:34:31+00:00","description":"As a hip specialist, I take care of various clinical pictures of the hip, such as hip impingement or coxarthrosis.","breadcrumb":{"@id":"https:\/\/www.orthogruber.at\/en\/hip\/#breadcrumb"},"inLanguage":"en-US","potentialAction":[{"@type":"ReadAction","target":["https:\/\/www.orthogruber.at\/en\/hip\/"]}]},{"@type":"BreadcrumbList","@id":"https:\/\/www.orthogruber.at\/en\/hip\/#breadcrumb","itemListElement":[{"@type":"ListItem","position":1,"name":"Home","item":"https:\/\/www.orthogruber.at\/en\/"},{"@type":"ListItem","position":2,"name":"Hip"}]},{"@type":"WebSite","@id":"https:\/\/www.orthogruber.at\/en\/#website","url":"https:\/\/www.orthogruber.at\/en\/","name":"Orthop\u00e4de 1080 Wien | Dr. Martin Gruber","description":"Facharzt f\u00fcr Orthop\u00e4die &amp; orthop\u00e4dische Chirurgie","publisher":{"@id":"https:\/\/www.orthogruber.at\/en\/#organization"},"potentialAction":[{"@type":"SearchAction","target":{"@type":"EntryPoint","urlTemplate":"https:\/\/www.orthogruber.at\/en\/?s={search_term_string}"},"query-input":{"@type":"PropertyValueSpecification","valueRequired":true,"valueName":"search_term_string"}}],"inLanguage":"en-US"},{"@type":"Organization","@id":"https:\/\/www.orthogruber.at\/en\/#organization","name":"Orthop\u00e4de 1080 Wien | Dr. Martin Gruber","url":"https:\/\/www.orthogruber.at\/en\/","logo":{"@type":"ImageObject","inLanguage":"en-US","@id":"https:\/\/www.orthogruber.at\/en\/#\/schema\/logo\/image\/","url":"https:\/\/www.orthogruber.at\/wp-content\/uploads\/2021\/06\/Dr.-Martin-Gruber-1-.png","contentUrl":"https:\/\/www.orthogruber.at\/wp-content\/uploads\/2021\/06\/Dr.-Martin-Gruber-1-.png","width":593,"height":593,"caption":"Orthop\u00e4de 1080 Wien | Dr. Martin Gruber"},"image":{"@id":"https:\/\/www.orthogruber.at\/en\/#\/schema\/logo\/image\/"}}]}},"_links":{"self":[{"href":"https:\/\/www.orthogruber.at\/en\/wp-json\/wp\/v2\/pages\/2487","targetHints":{"allow":["GET"]}}],"collection":[{"href":"https:\/\/www.orthogruber.at\/en\/wp-json\/wp\/v2\/pages"}],"about":[{"href":"https:\/\/www.orthogruber.at\/en\/wp-json\/wp\/v2\/types\/page"}],"author":[{"embeddable":true,"href":"https:\/\/www.orthogruber.at\/en\/wp-json\/wp\/v2\/users\/2"}],"replies":[{"embeddable":true,"href":"https:\/\/www.orthogruber.at\/en\/wp-json\/wp\/v2\/comments?post=2487"}],"version-history":[{"count":0,"href":"https:\/\/www.orthogruber.at\/en\/wp-json\/wp\/v2\/pages\/2487\/revisions"}],"wp:attachment":[{"href":"https:\/\/www.orthogruber.at\/en\/wp-json\/wp\/v2\/media?parent=2487"}],"curies":[{"name":"wp","href":"https:\/\/api.w.org\/{rel}","templated":true}]}}