{"id":2484,"date":"2021-07-21T12:45:17","date_gmt":"2021-07-21T10:45:17","guid":{"rendered":"https:\/\/www.orthogruber.at\/contact\/"},"modified":"2024-11-11T18:48:35","modified_gmt":"2024-11-11T16:48:35","slug":"contact","status":"publish","type":"page","link":"https:\/\/www.orthogruber.at\/en\/contact\/","title":{"rendered":"Contact"},"content":{"rendered":"\t\t<div data-elementor-type=\"wp-page\" data-elementor-id=\"2484\" class=\"elementor elementor-2484 elementor-104\" data-elementor-post-type=\"page\">\n\t\t\t\t\t\t<section class=\"elementor-section elementor-top-section elementor-element elementor-element-262c4018 elementor-section-stretched elementor-section-boxed elementor-section-height-default elementor-section-height-default\" data-id=\"262c4018\" data-element_type=\"section\" data-e-type=\"section\" data-settings=\"{&quot;background_background&quot;:&quot;gradient&quot;,&quot;stretch_section&quot;:&quot;section-stretched&quot;}\">\n\t\t\t\t\t\t<div class=\"elementor-container elementor-column-gap-default\">\n\t\t\t\t\t<div class=\"elementor-column elementor-col-100 elementor-top-column elementor-element elementor-element-6cdce9b3\" data-id=\"6cdce9b3\" data-element_type=\"column\" data-e-type=\"column\">\n\t\t\t<div class=\"elementor-widget-wrap elementor-element-populated\">\n\t\t\t\t\t\t<div class=\"elementor-element elementor-element-48f26198 elementor-widget elementor-widget-heading\" data-id=\"48f26198\" data-element_type=\"widget\" data-e-type=\"widget\" data-widget_type=\"heading.default\">\n\t\t\t\t<div class=\"elementor-widget-container\">\n\t\t\t\t\t<h1 class=\"elementor-heading-title elementor-size-default\">Contact<\/h1>\t\t\t\t<\/div>\n\t\t\t\t<\/div>\n\t\t\t\t\t<\/div>\n\t\t<\/div>\n\t\t\t\t\t<\/div>\n\t\t<\/section>\n\t\t\t\t<section class=\"elementor-section elementor-top-section elementor-element elementor-element-6a1d477f elementor-section-boxed elementor-section-height-default elementor-section-height-default\" data-id=\"6a1d477f\" data-element_type=\"section\" data-e-type=\"section\">\n\t\t\t\t\t\t<div class=\"elementor-container elementor-column-gap-default\">\n\t\t\t\t\t<div class=\"elementor-column elementor-col-100 elementor-top-column elementor-element elementor-element-43a3ac56\" data-id=\"43a3ac56\" data-element_type=\"column\" data-e-type=\"column\" data-settings=\"{&quot;background_background&quot;:&quot;classic&quot;}\">\n\t\t\t<div class=\"elementor-widget-wrap elementor-element-populated\">\n\t\t\t\t\t\t<div class=\"elementor-element elementor-element-31daa8c elementor-widget elementor-widget-text-editor\" data-id=\"31daa8c\" data-element_type=\"widget\" data-e-type=\"widget\" data-widget_type=\"text-editor.default\">\n\t\t\t\t<div class=\"elementor-widget-container\">\n\t\t\t\t\t\t\t\t\t<p class=\"fusion-responsive-typography-calculated\" data-fontsize=\"18\" data-lineheight=\"27px\">Ordination from Monday to Friday<br \/><strong>Appointments by prior arrangement only!<\/strong><\/p>\n\t\t\t\t\t\t\t\t<\/div>\n\t\t\t\t<\/div>\n\t\t\t\t<section class=\"elementor-section elementor-inner-section elementor-element elementor-element-ec5383f elementor-section-boxed elementor-section-height-default elementor-section-height-default\" data-id=\"ec5383f\" data-element_type=\"section\" data-e-type=\"section\">\n\t\t\t\t\t\t<div class=\"elementor-container elementor-column-gap-default\">\n\t\t\t\t\t<div class=\"elementor-column elementor-col-33 elementor-inner-column elementor-element elementor-element-3c20b7c\" data-id=\"3c20b7c\" data-element_type=\"column\" data-e-type=\"column\">\n\t\t\t<div class=\"elementor-widget-wrap elementor-element-populated\">\n\t\t\t\t\t\t<div class=\"elementor-element elementor-element-2517dbf elementor-view-default elementor-widget elementor-widget-icon\" data-id=\"2517dbf\" data-element_type=\"widget\" data-e-type=\"widget\" data-widget_type=\"icon.default\">\n\t\t\t\t<div class=\"elementor-widget-container\">\n\t\t\t\t\t\t\t<div class=\"elementor-icon-wrapper\">\n\t\t\t<a class=\"elementor-icon\" href=\"https:\/\/at00172-1.4myhealth.org\/online_reservations\/view\/3\" target=\"_blank\">\n\t\t\t<i aria-hidden=\"true\" class=\"fas fa-phone\"><\/i>\t\t\t<\/a>\n\t\t<\/div>\n\t\t\t\t\t\t<\/div>\n\t\t\t\t<\/div>\n\t\t\t\t<div class=\"elementor-element elementor-element-67daf57 elementor-widget elementor-widget-heading\" data-id=\"67daf57\" data-element_type=\"widget\" data-e-type=\"widget\" data-widget_type=\"heading.default\">\n\t\t\t\t<div class=\"elementor-widget-container\">\n\t\t\t\t\t<h3 class=\"elementor-heading-title elementor-size-default\">Phone<\/h3>\t\t\t\t<\/div>\n\t\t\t\t<\/div>\n\t\t\t\t<div class=\"elementor-element elementor-element-6360bd8 elementor-widget elementor-widget-text-editor\" data-id=\"6360bd8\" data-element_type=\"widget\" data-e-type=\"widget\" data-widget_type=\"text-editor.default\">\n\t\t\t\t<div class=\"elementor-widget-container\">\n\t\t\t\t\t\t\t\t\t<p><a href=\"tel:+43%201%2040%20202%2040%E2%80%8B%E2%80%8B\" target=\"_blank\" rel=\"noopener\">+43 1 40 202 40<\/a><\/p>\n\t\t\t\t\t\t\t\t<\/div>\n\t\t\t\t<\/div>\n\t\t\t\t\t<\/div>\n\t\t<\/div>\n\t\t\t\t<div class=\"elementor-column elementor-col-33 elementor-inner-column elementor-element elementor-element-a0f348c\" data-id=\"a0f348c\" data-element_type=\"column\" data-e-type=\"column\">\n\t\t\t<div class=\"elementor-widget-wrap elementor-element-populated\">\n\t\t\t\t\t\t<div class=\"elementor-element elementor-element-a79c58e elementor-view-default elementor-widget elementor-widget-icon\" data-id=\"a79c58e\" data-element_type=\"widget\" data-e-type=\"widget\" data-widget_type=\"icon.default\">\n\t\t\t\t<div class=\"elementor-widget-container\">\n\t\t\t\t\t\t\t<div class=\"elementor-icon-wrapper\">\n\t\t\t<a class=\"elementor-icon\" href=\"https:\/\/at00172-1.4myhealth.org\/online_reservations\/view\/3\" target=\"_blank\">\n\t\t\t<i aria-hidden=\"true\" class=\"fas fa-envelope\"><\/i>\t\t\t<\/a>\n\t\t<\/div>\n\t\t\t\t\t\t<\/div>\n\t\t\t\t<\/div>\n\t\t\t\t<div class=\"elementor-element elementor-element-b064134 elementor-widget elementor-widget-heading\" data-id=\"b064134\" data-element_type=\"widget\" data-e-type=\"widget\" data-widget_type=\"heading.default\">\n\t\t\t\t<div class=\"elementor-widget-container\">\n\t\t\t\t\t<h3 class=\"elementor-heading-title elementor-size-default\">E-mail<\/h3>\t\t\t\t<\/div>\n\t\t\t\t<\/div>\n\t\t\t\t<div class=\"elementor-element elementor-element-38efedf elementor-widget elementor-widget-text-editor\" data-id=\"38efedf\" data-element_type=\"widget\" data-e-type=\"widget\" data-widget_type=\"text-editor.default\">\n\t\t\t\t<div class=\"elementor-widget-container\">\n\t\t\t\t\t\t\t\t\t<p><a href=\"mailto:office@mza.at?subject=Terminanfrage%20Homepage%20mza\" target=\"_self\">office@mza.at<\/a><\/p>\n\t\t\t\t\t\t\t\t<\/div>\n\t\t\t\t<\/div>\n\t\t\t\t\t<\/div>\n\t\t<\/div>\n\t\t\t\t<div class=\"elementor-column elementor-col-33 elementor-inner-column elementor-element elementor-element-d136314\" data-id=\"d136314\" data-element_type=\"column\" data-e-type=\"column\">\n\t\t\t<div class=\"elementor-widget-wrap elementor-element-populated\">\n\t\t\t\t\t\t<div class=\"elementor-element elementor-element-0110c4c elementor-view-default elementor-widget elementor-widget-icon\" data-id=\"0110c4c\" data-element_type=\"widget\" data-e-type=\"widget\" data-widget_type=\"icon.default\">\n\t\t\t\t<div class=\"elementor-widget-container\">\n\t\t\t\t\t\t\t<div class=\"elementor-icon-wrapper\">\n\t\t\t<a class=\"elementor-icon\" href=\"https:\/\/at00172-1.4myhealth.org\/online_reservations\/view\/3\" target=\"_blank\">\n\t\t\t<i aria-hidden=\"true\" class=\"fas fa-globe\"><\/i>\t\t\t<\/a>\n\t\t<\/div>\n\t\t\t\t\t\t<\/div>\n\t\t\t\t<\/div>\n\t\t\t\t<div class=\"elementor-element elementor-element-bfb5919 elementor-widget elementor-widget-heading\" data-id=\"bfb5919\" data-element_type=\"widget\" data-e-type=\"widget\" data-widget_type=\"heading.default\">\n\t\t\t\t<div class=\"elementor-widget-container\">\n\t\t\t\t\t<h3 class=\"elementor-heading-title elementor-size-default\">Online<\/h3>\t\t\t\t<\/div>\n\t\t\t\t<\/div>\n\t\t\t\t<div class=\"elementor-element elementor-element-ea9f819 elementor-widget elementor-widget-text-editor\" data-id=\"ea9f819\" data-element_type=\"widget\" data-e-type=\"widget\" data-widget_type=\"text-editor.default\">\n\t\t\t\t<div class=\"elementor-widget-container\">\n\t\t\t\t\t\t\t\t\t<p><a href=\"https:\/\/www.mza.at\/onlinebooking-martin-gruber\" target=\"_blank\" rel=\"noopener\">ONLINE RESERVATION<\/a><\/p>\n\t\t\t\t\t\t\t\t<\/div>\n\t\t\t\t<\/div>\n\t\t\t\t\t<\/div>\n\t\t<\/div>\n\t\t\t\t\t<\/div>\n\t\t<\/section>\n\t\t\t\t\t<\/div>\n\t\t<\/div>\n\t\t\t\t\t<\/div>\n\t\t<\/section>\n\t\t\t\t<section class=\"elementor-section elementor-top-section elementor-element elementor-element-7064a19 elementor-section-boxed elementor-section-height-default elementor-section-height-default\" data-id=\"7064a19\" data-element_type=\"section\" data-e-type=\"section\">\n\t\t\t\t\t\t<div class=\"elementor-container elementor-column-gap-default\">\n\t\t\t\t\t<div class=\"elementor-column elementor-col-100 elementor-top-column elementor-element elementor-element-514c672\" data-id=\"514c672\" data-element_type=\"column\" data-e-type=\"column\" data-settings=\"{&quot;background_background&quot;:&quot;classic&quot;}\">\n\t\t\t<div class=\"elementor-widget-wrap elementor-element-populated\">\n\t\t\t\t\t\t<div class=\"elementor-element elementor-element-048c708 elementor-widget elementor-widget-heading\" data-id=\"048c708\" data-element_type=\"widget\" data-e-type=\"widget\" data-widget_type=\"heading.default\">\n\t\t\t\t<div class=\"elementor-widget-container\">\n\t\t\t\t\t<h2 class=\"elementor-heading-title elementor-size-default\">Directions<\/h2>\t\t\t\t<\/div>\n\t\t\t\t<\/div>\n\t\t\t\t<section class=\"elementor-section elementor-inner-section elementor-element elementor-element-f8631e3 elementor-section-boxed elementor-section-height-default elementor-section-height-default\" data-id=\"f8631e3\" data-element_type=\"section\" data-e-type=\"section\">\n\t\t\t\t\t\t<div class=\"elementor-container elementor-column-gap-default\">\n\t\t\t\t\t<div class=\"elementor-column elementor-col-50 elementor-inner-column elementor-element elementor-element-c899d20\" data-id=\"c899d20\" data-element_type=\"column\" data-e-type=\"column\">\n\t\t\t<div class=\"elementor-widget-wrap elementor-element-populated\">\n\t\t\t\t\t\t<div class=\"elementor-element elementor-element-12f1b7d0 elementor-widget elementor-widget-text-editor\" data-id=\"12f1b7d0\" data-element_type=\"widget\" data-e-type=\"widget\" data-widget_type=\"text-editor.default\">\n\t\t\t\t<div class=\"elementor-widget-container\">\n\t\t\t\t\t\t\t\t\t<p>You can find my <strong>practice <\/strong>in <strong> <a href=\"https:\/\/goo.gl\/maps\/jhwHJsq7mazakauKA\" target=\"_blank\" rel=\"noopener\">Alserstra\u00dfe 69, 1080 Vienna <\/a><\/strong>.<\/p>\n<p><strong>Parking spaces<\/strong> (short term parking zone) are available in front of the front door and in the side streets (Blindengasse, Bennogasse, Breitenfelder Gasse).<\/p>\n<p><strong>Public transport:<\/strong> U6 Alserstra\u00dfe, Tram 43 Tram 44, Bus 13A<\/p>\n<p>If desired, we will be happy to call you a cab after your visit with us!<\/p>\n\t\t\t\t\t\t\t\t<\/div>\n\t\t\t\t<\/div>\n\t\t\t\t\t<\/div>\n\t\t<\/div>\n\t\t\t\t<div class=\"elementor-column elementor-col-50 elementor-inner-column elementor-element elementor-element-a4d44b4\" data-id=\"a4d44b4\" data-element_type=\"column\" data-e-type=\"column\">\n\t\t\t<div class=\"elementor-widget-wrap elementor-element-populated\">\n\t\t\t\t\t\t<div class=\"elementor-element elementor-element-a9f81d8 elementor-widget elementor-widget-google_maps\" data-id=\"a9f81d8\" data-element_type=\"widget\" data-e-type=\"widget\" data-widget_type=\"google_maps.default\">\n\t\t\t\t<div class=\"elementor-widget-container\">\n\t\t\t\t\t\t\t<div class=\"elementor-custom-embed\">\n\t\t\t<iframe loading=\"lazy\"\n\t\t\t\t\tsrc=\"https:\/\/maps.google.com\/maps?q=Medizinzentrum%20Alserstra%C3%9Fe&#038;t=m&#038;z=15&#038;output=embed&#038;iwloc=near\"\n\t\t\t\t\ttitle=\"Medizinzentrum Alserstra\u00dfe\"\n\t\t\t\t\taria-label=\"Medizinzentrum Alserstra\u00dfe\"\n\t\t\t><\/iframe>\n\t\t<\/div>\n\t\t\t\t\t\t<\/div>\n\t\t\t\t<\/div>\n\t\t\t\t\t<\/div>\n\t\t<\/div>\n\t\t\t\t\t<\/div>\n\t\t<\/section>\n\t\t\t\t\t<\/div>\n\t\t<\/div>\n\t\t\t\t\t<\/div>\n\t\t<\/section>\n\t\t\t\t<\/div>\n\t\t","protected":false},"excerpt":{"rendered":"<p>Contact Ordination from Monday to FridayAppointments by prior arrangement only! Phone +43 1 40 202 40 E-mail office@mza.at Online ONLINE RESERVATION Directions You can find my practice in Alserstra\u00dfe 69, 1080 Vienna . Parking spaces (short term parking zone) are available in front of the front door and in the side streets (Blindengasse, Bennogasse, Breitenfelder&hellip;&nbsp;<a href=\"https:\/\/www.orthogruber.at\/en\/contact\/\" rel=\"bookmark\">Read More &raquo;<span class=\"screen-reader-text\">Contact<\/span><\/a><\/p>\n","protected":false},"author":2,"featured_media":0,"parent":0,"menu_order":0,"comment_status":"closed","ping_status":"closed","template":"elementor_header_footer","meta":{"neve_meta_sidebar":"full-width","neve_meta_container":"","neve_meta_enable_content_width":"on","neve_meta_content_width":100,"neve_meta_title_alignment":"","neve_meta_author_avatar":"","neve_post_elements_order":"","neve_meta_disable_header":"","neve_meta_disable_footer":"","neve_meta_disable_title":"","neve_meta_reading_time":"","footnotes":""},"class_list":["post-2484","page","type-page","status-publish","hentry"],"yoast_head":"<!-- This site is optimized with the Yoast SEO plugin v27.5 - https:\/\/yoast.com\/product\/yoast-seo-wordpress\/ -->\n<title>Contact - Orthop\u00e4de 1080 Wien | Dr. Martin Gruber<\/title>\n<meta name=\"robots\" content=\"index, follow, max-snippet:-1, max-image-preview:large, max-video-preview:-1\" \/>\n<link rel=\"canonical\" href=\"https:\/\/www.orthogruber.at\/en\/contact\/\" \/>\n<meta property=\"og:locale\" content=\"en_US\" \/>\n<meta property=\"og:type\" content=\"article\" \/>\n<meta property=\"og:title\" content=\"Contact - Orthop\u00e4de 1080 Wien | Dr. Martin Gruber\" \/>\n<meta property=\"og:description\" content=\"Contact Ordination from Monday to FridayAppointments by prior arrangement only! Phone +43 1 40 202 40 E-mail office@mza.at Online ONLINE RESERVATION Directions You can find my practice in Alserstra\u00dfe 69, 1080 Vienna . Parking spaces (short term parking zone) are available in front of the front door and in the side streets (Blindengasse, Bennogasse, Breitenfelder&hellip;&nbsp;Read More &raquo;Contact\" \/>\n<meta property=\"og:url\" content=\"https:\/\/www.orthogruber.at\/en\/contact\/\" \/>\n<meta property=\"og:site_name\" content=\"Orthop\u00e4de 1080 Wien | Dr. Martin Gruber\" \/>\n<meta property=\"article:modified_time\" content=\"2024-11-11T16:48:35+00:00\" \/>\n<meta name=\"twitter:card\" content=\"summary_large_image\" \/>\n<script type=\"application\/ld+json\" class=\"yoast-schema-graph\">{\"@context\":\"https:\\\/\\\/schema.org\",\"@graph\":[{\"@type\":\"WebPage\",\"@id\":\"https:\\\/\\\/www.orthogruber.at\\\/en\\\/contact\\\/\",\"url\":\"https:\\\/\\\/www.orthogruber.at\\\/en\\\/contact\\\/\",\"name\":\"Contact - Orthop\u00e4de 1080 Wien | Dr. Martin Gruber\",\"isPartOf\":{\"@id\":\"https:\\\/\\\/www.orthogruber.at\\\/en\\\/#website\"},\"datePublished\":\"2021-07-21T10:45:17+00:00\",\"dateModified\":\"2024-11-11T16:48:35+00:00\",\"breadcrumb\":{\"@id\":\"https:\\\/\\\/www.orthogruber.at\\\/en\\\/contact\\\/#breadcrumb\"},\"inLanguage\":\"en-US\",\"potentialAction\":[{\"@type\":\"ReadAction\",\"target\":[\"https:\\\/\\\/www.orthogruber.at\\\/en\\\/contact\\\/\"]}]},{\"@type\":\"BreadcrumbList\",\"@id\":\"https:\\\/\\\/www.orthogruber.at\\\/en\\\/contact\\\/#breadcrumb\",\"itemListElement\":[{\"@type\":\"ListItem\",\"position\":1,\"name\":\"Home\",\"item\":\"https:\\\/\\\/www.orthogruber.at\\\/en\\\/\"},{\"@type\":\"ListItem\",\"position\":2,\"name\":\"Contact\"}]},{\"@type\":\"WebSite\",\"@id\":\"https:\\\/\\\/www.orthogruber.at\\\/en\\\/#website\",\"url\":\"https:\\\/\\\/www.orthogruber.at\\\/en\\\/\",\"name\":\"Orthop\u00e4de 1080 Wien | Dr. Martin Gruber\",\"description\":\"Facharzt f\u00fcr Orthop\u00e4die &amp; orthop\u00e4dische Chirurgie\",\"publisher\":{\"@id\":\"https:\\\/\\\/www.orthogruber.at\\\/en\\\/#organization\"},\"potentialAction\":[{\"@type\":\"SearchAction\",\"target\":{\"@type\":\"EntryPoint\",\"urlTemplate\":\"https:\\\/\\\/www.orthogruber.at\\\/en\\\/?s={search_term_string}\"},\"query-input\":{\"@type\":\"PropertyValueSpecification\",\"valueRequired\":true,\"valueName\":\"search_term_string\"}}],\"inLanguage\":\"en-US\"},{\"@type\":\"Organization\",\"@id\":\"https:\\\/\\\/www.orthogruber.at\\\/en\\\/#organization\",\"name\":\"Orthop\u00e4de 1080 Wien | Dr. Martin Gruber\",\"url\":\"https:\\\/\\\/www.orthogruber.at\\\/en\\\/\",\"logo\":{\"@type\":\"ImageObject\",\"inLanguage\":\"en-US\",\"@id\":\"https:\\\/\\\/www.orthogruber.at\\\/en\\\/#\\\/schema\\\/logo\\\/image\\\/\",\"url\":\"https:\\\/\\\/www.orthogruber.at\\\/wp-content\\\/uploads\\\/2021\\\/06\\\/Dr.-Martin-Gruber-1-.png\",\"contentUrl\":\"https:\\\/\\\/www.orthogruber.at\\\/wp-content\\\/uploads\\\/2021\\\/06\\\/Dr.-Martin-Gruber-1-.png\",\"width\":593,\"height\":593,\"caption\":\"Orthop\u00e4de 1080 Wien | Dr. Martin Gruber\"},\"image\":{\"@id\":\"https:\\\/\\\/www.orthogruber.at\\\/en\\\/#\\\/schema\\\/logo\\\/image\\\/\"}}]}<\/script>\n<!-- \/ Yoast SEO plugin. -->","yoast_head_json":{"title":"Contact - Orthop\u00e4de 1080 Wien | Dr. Martin Gruber","robots":{"index":"index","follow":"follow","max-snippet":"max-snippet:-1","max-image-preview":"max-image-preview:large","max-video-preview":"max-video-preview:-1"},"canonical":"https:\/\/www.orthogruber.at\/en\/contact\/","og_locale":"en_US","og_type":"article","og_title":"Contact - Orthop\u00e4de 1080 Wien | Dr. Martin Gruber","og_description":"Contact Ordination from Monday to FridayAppointments by prior arrangement only! Phone +43 1 40 202 40 E-mail office@mza.at Online ONLINE RESERVATION Directions You can find my practice in Alserstra\u00dfe 69, 1080 Vienna . Parking spaces (short term parking zone) are available in front of the front door and in the side streets (Blindengasse, Bennogasse, Breitenfelder&hellip;&nbsp;Read More &raquo;Contact","og_url":"https:\/\/www.orthogruber.at\/en\/contact\/","og_site_name":"Orthop\u00e4de 1080 Wien | Dr. Martin Gruber","article_modified_time":"2024-11-11T16:48:35+00:00","twitter_card":"summary_large_image","schema":{"@context":"https:\/\/schema.org","@graph":[{"@type":"WebPage","@id":"https:\/\/www.orthogruber.at\/en\/contact\/","url":"https:\/\/www.orthogruber.at\/en\/contact\/","name":"Contact - Orthop\u00e4de 1080 Wien | Dr. Martin Gruber","isPartOf":{"@id":"https:\/\/www.orthogruber.at\/en\/#website"},"datePublished":"2021-07-21T10:45:17+00:00","dateModified":"2024-11-11T16:48:35+00:00","breadcrumb":{"@id":"https:\/\/www.orthogruber.at\/en\/contact\/#breadcrumb"},"inLanguage":"en-US","potentialAction":[{"@type":"ReadAction","target":["https:\/\/www.orthogruber.at\/en\/contact\/"]}]},{"@type":"BreadcrumbList","@id":"https:\/\/www.orthogruber.at\/en\/contact\/#breadcrumb","itemListElement":[{"@type":"ListItem","position":1,"name":"Home","item":"https:\/\/www.orthogruber.at\/en\/"},{"@type":"ListItem","position":2,"name":"Contact"}]},{"@type":"WebSite","@id":"https:\/\/www.orthogruber.at\/en\/#website","url":"https:\/\/www.orthogruber.at\/en\/","name":"Orthop\u00e4de 1080 Wien | Dr. Martin Gruber","description":"Facharzt f\u00fcr Orthop\u00e4die &amp; orthop\u00e4dische Chirurgie","publisher":{"@id":"https:\/\/www.orthogruber.at\/en\/#organization"},"potentialAction":[{"@type":"SearchAction","target":{"@type":"EntryPoint","urlTemplate":"https:\/\/www.orthogruber.at\/en\/?s={search_term_string}"},"query-input":{"@type":"PropertyValueSpecification","valueRequired":true,"valueName":"search_term_string"}}],"inLanguage":"en-US"},{"@type":"Organization","@id":"https:\/\/www.orthogruber.at\/en\/#organization","name":"Orthop\u00e4de 1080 Wien | Dr. Martin Gruber","url":"https:\/\/www.orthogruber.at\/en\/","logo":{"@type":"ImageObject","inLanguage":"en-US","@id":"https:\/\/www.orthogruber.at\/en\/#\/schema\/logo\/image\/","url":"https:\/\/www.orthogruber.at\/wp-content\/uploads\/2021\/06\/Dr.-Martin-Gruber-1-.png","contentUrl":"https:\/\/www.orthogruber.at\/wp-content\/uploads\/2021\/06\/Dr.-Martin-Gruber-1-.png","width":593,"height":593,"caption":"Orthop\u00e4de 1080 Wien | Dr. Martin Gruber"},"image":{"@id":"https:\/\/www.orthogruber.at\/en\/#\/schema\/logo\/image\/"}}]}},"_links":{"self":[{"href":"https:\/\/www.orthogruber.at\/en\/wp-json\/wp\/v2\/pages\/2484","targetHints":{"allow":["GET"]}}],"collection":[{"href":"https:\/\/www.orthogruber.at\/en\/wp-json\/wp\/v2\/pages"}],"about":[{"href":"https:\/\/www.orthogruber.at\/en\/wp-json\/wp\/v2\/types\/page"}],"author":[{"embeddable":true,"href":"https:\/\/www.orthogruber.at\/en\/wp-json\/wp\/v2\/users\/2"}],"replies":[{"embeddable":true,"href":"https:\/\/www.orthogruber.at\/en\/wp-json\/wp\/v2\/comments?post=2484"}],"version-history":[{"count":0,"href":"https:\/\/www.orthogruber.at\/en\/wp-json\/wp\/v2\/pages\/2484\/revisions"}],"wp:attachment":[{"href":"https:\/\/www.orthogruber.at\/en\/wp-json\/wp\/v2\/media?parent=2484"}],"curies":[{"name":"wp","href":"https:\/\/api.w.org\/{rel}","templated":true}]}}