{"id":2437,"date":"2021-07-27T15:03:45","date_gmt":"2021-07-27T13:03:45","guid":{"rendered":"https:\/\/www.orthogruber.at\/imprint\/"},"modified":"2023-11-17T10:49:37","modified_gmt":"2023-11-17T08:49:37","slug":"imprint","status":"publish","type":"page","link":"https:\/\/www.orthogruber.at\/en\/imprint\/","title":{"rendered":"Imprint"},"content":{"rendered":"\t\t<div data-elementor-type=\"wp-page\" data-elementor-id=\"2437\" class=\"elementor elementor-2437 elementor-452\" data-elementor-post-type=\"page\">\n\t\t\t\t\t\t<section class=\"elementor-section elementor-top-section elementor-element elementor-element-24e6436e elementor-section-stretched elementor-section-boxed elementor-section-height-default elementor-section-height-default\" data-id=\"24e6436e\" data-element_type=\"section\" data-e-type=\"section\" data-settings=\"{&quot;background_background&quot;:&quot;gradient&quot;,&quot;stretch_section&quot;:&quot;section-stretched&quot;}\">\n\t\t\t\t\t\t<div class=\"elementor-container elementor-column-gap-default\">\n\t\t\t\t\t<div class=\"elementor-column elementor-col-100 elementor-top-column elementor-element elementor-element-40c88750\" data-id=\"40c88750\" data-element_type=\"column\" data-e-type=\"column\">\n\t\t\t<div class=\"elementor-widget-wrap elementor-element-populated\">\n\t\t\t\t\t\t<div class=\"elementor-element elementor-element-5ba1c4a0 elementor-widget elementor-widget-heading\" data-id=\"5ba1c4a0\" data-element_type=\"widget\" data-e-type=\"widget\" data-widget_type=\"heading.default\">\n\t\t\t\t<div class=\"elementor-widget-container\">\n\t\t\t\t\t<h1 class=\"elementor-heading-title elementor-size-default\">Imprint<\/h1>\t\t\t\t<\/div>\n\t\t\t\t<\/div>\n\t\t\t\t\t<\/div>\n\t\t<\/div>\n\t\t\t\t\t<\/div>\n\t\t<\/section>\n\t\t\t\t<section class=\"elementor-section elementor-top-section elementor-element elementor-element-3398e9c1 elementor-section-boxed elementor-section-height-default elementor-section-height-default\" data-id=\"3398e9c1\" data-element_type=\"section\" data-e-type=\"section\">\n\t\t\t\t\t\t<div class=\"elementor-container elementor-column-gap-default\">\n\t\t\t\t\t<div class=\"elementor-column elementor-col-100 elementor-top-column elementor-element elementor-element-1ed40f44\" data-id=\"1ed40f44\" data-element_type=\"column\" data-e-type=\"column\" data-settings=\"{&quot;background_background&quot;:&quot;classic&quot;}\">\n\t\t\t<div class=\"elementor-widget-wrap elementor-element-populated\">\n\t\t\t\t\t\t<div class=\"elementor-element elementor-element-58838240 elementor-widget elementor-widget-heading\" data-id=\"58838240\" data-element_type=\"widget\" data-e-type=\"widget\" data-widget_type=\"heading.default\">\n\t\t\t\t<div class=\"elementor-widget-container\">\n\t\t\t\t\t<h2 class=\"elementor-heading-title elementor-size-default\">Dr. Martin Gruber<\/h2>\t\t\t\t<\/div>\n\t\t\t\t<\/div>\n\t\t\t\t<div class=\"elementor-element elementor-element-1c3e3e87 elementor-widget-divider--view-line elementor-widget elementor-widget-divider\" data-id=\"1c3e3e87\" data-element_type=\"widget\" data-e-type=\"widget\" data-widget_type=\"divider.default\">\n\t\t\t\t<div class=\"elementor-widget-container\">\n\t\t\t\t\t\t\t<div class=\"elementor-divider\">\n\t\t\t<span class=\"elementor-divider-separator\">\n\t\t\t\t\t\t<\/span>\n\t\t<\/div>\n\t\t\t\t\t\t<\/div>\n\t\t\t\t<\/div>\n\t\t\t\t<div class=\"elementor-element elementor-element-7c443074 elementor-widget elementor-widget-text-editor\" data-id=\"7c443074\" data-element_type=\"widget\" data-e-type=\"widget\" data-widget_type=\"text-editor.default\">\n\t\t\t\t<div class=\"elementor-widget-container\">\n\t\t\t\t\t\t\t\t\t<p><strong>MZA &#8211; Medical Center Alserstra\u00dfe<\/strong><br \/>Alserstrasse 69<br \/>1080 Vienna<\/p>\n<p><strong>Phone<\/strong>: <a href=\"tel:+4314020240\">+43 1 40 202 40<\/a><br \/><strong>Mail<\/strong>: <a href=\"mailto:office@mza.at\">office@mza.at<\/a><br \/><strong>Web<\/strong>: <a href=\"http:\/\/www.orthogruber.at\">www.orthogruber.at<\/a><\/p>\n\t\t\t\t\t\t\t\t<\/div>\n\t\t\t\t<\/div>\n\t\t\t\t<div class=\"elementor-element elementor-element-371fbff elementor-widget elementor-widget-heading\" data-id=\"371fbff\" data-element_type=\"widget\" data-e-type=\"widget\" data-widget_type=\"heading.default\">\n\t\t\t\t<div class=\"elementor-widget-container\">\n\t\t\t\t\t<h2 class=\"elementor-heading-title elementor-size-default\">Website design<\/h2>\t\t\t\t<\/div>\n\t\t\t\t<\/div>\n\t\t\t\t<div class=\"elementor-element elementor-element-5ff78a7 elementor-widget-divider--view-line elementor-widget elementor-widget-divider\" data-id=\"5ff78a7\" data-element_type=\"widget\" data-e-type=\"widget\" data-widget_type=\"divider.default\">\n\t\t\t\t<div class=\"elementor-widget-container\">\n\t\t\t\t\t\t\t<div class=\"elementor-divider\">\n\t\t\t<span class=\"elementor-divider-separator\">\n\t\t\t\t\t\t<\/span>\n\t\t<\/div>\n\t\t\t\t\t\t<\/div>\n\t\t\t\t<\/div>\n\t\t\t\t<div class=\"elementor-element elementor-element-dc1ae42 elementor-widget elementor-widget-text-editor\" data-id=\"dc1ae42\" data-element_type=\"widget\" data-e-type=\"widget\" data-widget_type=\"text-editor.default\">\n\t\t\t\t<div class=\"elementor-widget-container\">\n\t\t\t\t\t\t\t\t\t<p><b>Implementation &amp; Marketing: <\/b><a href=\"https:\/\/www.medimarketing.at\">Medimarketing<\/a><br \/><strong>SEO:<\/strong> <a href=\"https:\/\/www.socialized.at\">Socialized<\/a><br \/><strong>Stock photos:<\/strong> licensed through <a href=\"https:\/\/stock.adobe.com\/at\" target=\"_blank\" rel=\"noopener\">Adobe Stock<\/a> and <a href=\"https:\/\/elements.envato.com\/de\/\">Envato Elements<\/a><\/p>\n\t\t\t\t\t\t\t\t<\/div>\n\t\t\t\t<\/div>\n\t\t\t\t\t<\/div>\n\t\t<\/div>\n\t\t\t\t\t<\/div>\n\t\t<\/section>\n\t\t\t\t<\/div>\n\t\t","protected":false},"excerpt":{"rendered":"<p>Imprint Dr. Martin Gruber MZA &#8211; Medical Center Alserstra\u00dfeAlserstrasse 691080 Vienna Phone: +43 1 40 202 40Mail: office@mza.atWeb: www.orthogruber.at Website design Implementation &amp; Marketing: MedimarketingSEO: SocializedStock photos: licensed through Adobe Stock and Envato Elements<\/p>\n","protected":false},"author":2,"featured_media":0,"parent":0,"menu_order":0,"comment_status":"closed","ping_status":"closed","template":"elementor_header_footer","meta":{"neve_meta_sidebar":"full-width","neve_meta_container":"","neve_meta_enable_content_width":"on","neve_meta_content_width":100,"neve_meta_title_alignment":"","neve_meta_author_avatar":"","neve_post_elements_order":"","neve_meta_disable_header":"","neve_meta_disable_footer":"","neve_meta_disable_title":"","neve_meta_reading_time":"","footnotes":""},"class_list":["post-2437","page","type-page","status-publish","hentry"],"yoast_head":"<!-- This site is optimized with the Yoast SEO plugin v27.3 - https:\/\/yoast.com\/product\/yoast-seo-wordpress\/ -->\n<title>Imprint - Orthop\u00e4de 1080 Wien | Dr. Martin Gruber<\/title>\n<meta name=\"robots\" content=\"noindex, follow\" \/>\n<meta property=\"og:locale\" content=\"en_US\" \/>\n<meta property=\"og:type\" content=\"article\" \/>\n<meta property=\"og:title\" content=\"Imprint - Orthop\u00e4de 1080 Wien | Dr. Martin Gruber\" \/>\n<meta property=\"og:description\" content=\"Imprint Dr. Martin Gruber MZA &#8211; Medical Center Alserstra\u00dfeAlserstrasse 691080 Vienna Phone: +43 1 40 202 40Mail: office@mza.atWeb: www.orthogruber.at Website design Implementation &amp; Marketing: MedimarketingSEO: SocializedStock photos: licensed through Adobe Stock and Envato Elements\" \/>\n<meta property=\"og:url\" content=\"https:\/\/www.orthogruber.at\/en\/imprint\/\" \/>\n<meta property=\"og:site_name\" content=\"Orthop\u00e4de 1080 Wien | Dr. Martin Gruber\" \/>\n<meta property=\"article:modified_time\" content=\"2023-11-17T08:49:37+00:00\" \/>\n<meta name=\"twitter:card\" content=\"summary_large_image\" \/>\n<script type=\"application\/ld+json\" class=\"yoast-schema-graph\">{\"@context\":\"https:\\\/\\\/schema.org\",\"@graph\":[{\"@type\":\"WebPage\",\"@id\":\"https:\\\/\\\/www.orthogruber.at\\\/en\\\/imprint\\\/\",\"url\":\"https:\\\/\\\/www.orthogruber.at\\\/en\\\/imprint\\\/\",\"name\":\"Imprint - Orthop\u00e4de 1080 Wien | Dr. Martin Gruber\",\"isPartOf\":{\"@id\":\"https:\\\/\\\/www.orthogruber.at\\\/en\\\/#website\"},\"datePublished\":\"2021-07-27T13:03:45+00:00\",\"dateModified\":\"2023-11-17T08:49:37+00:00\",\"breadcrumb\":{\"@id\":\"https:\\\/\\\/www.orthogruber.at\\\/en\\\/imprint\\\/#breadcrumb\"},\"inLanguage\":\"en-US\",\"potentialAction\":[{\"@type\":\"ReadAction\",\"target\":[\"https:\\\/\\\/www.orthogruber.at\\\/en\\\/imprint\\\/\"]}]},{\"@type\":\"BreadcrumbList\",\"@id\":\"https:\\\/\\\/www.orthogruber.at\\\/en\\\/imprint\\\/#breadcrumb\",\"itemListElement\":[{\"@type\":\"ListItem\",\"position\":1,\"name\":\"Home\",\"item\":\"https:\\\/\\\/www.orthogruber.at\\\/en\\\/\"},{\"@type\":\"ListItem\",\"position\":2,\"name\":\"Imprint\"}]},{\"@type\":\"WebSite\",\"@id\":\"https:\\\/\\\/www.orthogruber.at\\\/en\\\/#website\",\"url\":\"https:\\\/\\\/www.orthogruber.at\\\/en\\\/\",\"name\":\"Orthop\u00e4de 1080 Wien | Dr. Martin Gruber\",\"description\":\"Facharzt f\u00fcr Orthop\u00e4die &amp; orthop\u00e4dische Chirurgie\",\"publisher\":{\"@id\":\"https:\\\/\\\/www.orthogruber.at\\\/en\\\/#organization\"},\"potentialAction\":[{\"@type\":\"SearchAction\",\"target\":{\"@type\":\"EntryPoint\",\"urlTemplate\":\"https:\\\/\\\/www.orthogruber.at\\\/en\\\/?s={search_term_string}\"},\"query-input\":{\"@type\":\"PropertyValueSpecification\",\"valueRequired\":true,\"valueName\":\"search_term_string\"}}],\"inLanguage\":\"en-US\"},{\"@type\":\"Organization\",\"@id\":\"https:\\\/\\\/www.orthogruber.at\\\/en\\\/#organization\",\"name\":\"Orthop\u00e4de 1080 Wien | Dr. Martin Gruber\",\"url\":\"https:\\\/\\\/www.orthogruber.at\\\/en\\\/\",\"logo\":{\"@type\":\"ImageObject\",\"inLanguage\":\"en-US\",\"@id\":\"https:\\\/\\\/www.orthogruber.at\\\/en\\\/#\\\/schema\\\/logo\\\/image\\\/\",\"url\":\"https:\\\/\\\/www.orthogruber.at\\\/wp-content\\\/uploads\\\/2021\\\/06\\\/Dr.-Martin-Gruber-1-.png\",\"contentUrl\":\"https:\\\/\\\/www.orthogruber.at\\\/wp-content\\\/uploads\\\/2021\\\/06\\\/Dr.-Martin-Gruber-1-.png\",\"width\":593,\"height\":593,\"caption\":\"Orthop\u00e4de 1080 Wien | Dr. Martin Gruber\"},\"image\":{\"@id\":\"https:\\\/\\\/www.orthogruber.at\\\/en\\\/#\\\/schema\\\/logo\\\/image\\\/\"}}]}<\/script>\n<!-- \/ Yoast SEO plugin. -->","yoast_head_json":{"title":"Imprint - Orthop\u00e4de 1080 Wien | Dr. Martin Gruber","robots":{"index":"noindex","follow":"follow"},"og_locale":"en_US","og_type":"article","og_title":"Imprint - Orthop\u00e4de 1080 Wien | Dr. Martin Gruber","og_description":"Imprint Dr. Martin Gruber MZA &#8211; Medical Center Alserstra\u00dfeAlserstrasse 691080 Vienna Phone: +43 1 40 202 40Mail: office@mza.atWeb: www.orthogruber.at Website design Implementation &amp; Marketing: MedimarketingSEO: SocializedStock photos: licensed through Adobe Stock and Envato Elements","og_url":"https:\/\/www.orthogruber.at\/en\/imprint\/","og_site_name":"Orthop\u00e4de 1080 Wien | Dr. Martin Gruber","article_modified_time":"2023-11-17T08:49:37+00:00","twitter_card":"summary_large_image","schema":{"@context":"https:\/\/schema.org","@graph":[{"@type":"WebPage","@id":"https:\/\/www.orthogruber.at\/en\/imprint\/","url":"https:\/\/www.orthogruber.at\/en\/imprint\/","name":"Imprint - Orthop\u00e4de 1080 Wien | Dr. Martin Gruber","isPartOf":{"@id":"https:\/\/www.orthogruber.at\/en\/#website"},"datePublished":"2021-07-27T13:03:45+00:00","dateModified":"2023-11-17T08:49:37+00:00","breadcrumb":{"@id":"https:\/\/www.orthogruber.at\/en\/imprint\/#breadcrumb"},"inLanguage":"en-US","potentialAction":[{"@type":"ReadAction","target":["https:\/\/www.orthogruber.at\/en\/imprint\/"]}]},{"@type":"BreadcrumbList","@id":"https:\/\/www.orthogruber.at\/en\/imprint\/#breadcrumb","itemListElement":[{"@type":"ListItem","position":1,"name":"Home","item":"https:\/\/www.orthogruber.at\/en\/"},{"@type":"ListItem","position":2,"name":"Imprint"}]},{"@type":"WebSite","@id":"https:\/\/www.orthogruber.at\/en\/#website","url":"https:\/\/www.orthogruber.at\/en\/","name":"Orthop\u00e4de 1080 Wien | Dr. Martin Gruber","description":"Facharzt f\u00fcr Orthop\u00e4die &amp; orthop\u00e4dische Chirurgie","publisher":{"@id":"https:\/\/www.orthogruber.at\/en\/#organization"},"potentialAction":[{"@type":"SearchAction","target":{"@type":"EntryPoint","urlTemplate":"https:\/\/www.orthogruber.at\/en\/?s={search_term_string}"},"query-input":{"@type":"PropertyValueSpecification","valueRequired":true,"valueName":"search_term_string"}}],"inLanguage":"en-US"},{"@type":"Organization","@id":"https:\/\/www.orthogruber.at\/en\/#organization","name":"Orthop\u00e4de 1080 Wien | Dr. Martin Gruber","url":"https:\/\/www.orthogruber.at\/en\/","logo":{"@type":"ImageObject","inLanguage":"en-US","@id":"https:\/\/www.orthogruber.at\/en\/#\/schema\/logo\/image\/","url":"https:\/\/www.orthogruber.at\/wp-content\/uploads\/2021\/06\/Dr.-Martin-Gruber-1-.png","contentUrl":"https:\/\/www.orthogruber.at\/wp-content\/uploads\/2021\/06\/Dr.-Martin-Gruber-1-.png","width":593,"height":593,"caption":"Orthop\u00e4de 1080 Wien | Dr. Martin Gruber"},"image":{"@id":"https:\/\/www.orthogruber.at\/en\/#\/schema\/logo\/image\/"}}]}},"_links":{"self":[{"href":"https:\/\/www.orthogruber.at\/en\/wp-json\/wp\/v2\/pages\/2437","targetHints":{"allow":["GET"]}}],"collection":[{"href":"https:\/\/www.orthogruber.at\/en\/wp-json\/wp\/v2\/pages"}],"about":[{"href":"https:\/\/www.orthogruber.at\/en\/wp-json\/wp\/v2\/types\/page"}],"author":[{"embeddable":true,"href":"https:\/\/www.orthogruber.at\/en\/wp-json\/wp\/v2\/users\/2"}],"replies":[{"embeddable":true,"href":"https:\/\/www.orthogruber.at\/en\/wp-json\/wp\/v2\/comments?post=2437"}],"version-history":[{"count":0,"href":"https:\/\/www.orthogruber.at\/en\/wp-json\/wp\/v2\/pages\/2437\/revisions"}],"wp:attachment":[{"href":"https:\/\/www.orthogruber.at\/en\/wp-json\/wp\/v2\/media?parent=2437"}],"curies":[{"name":"wp","href":"https:\/\/api.w.org\/{rel}","templated":true}]}}