{"id":2424,"date":"2021-10-01T09:09:39","date_gmt":"2021-10-01T07:09:39","guid":{"rendered":"https:\/\/www.orthogruber.at\/bottleneck-syndrome-of-the-hip\/"},"modified":"2024-06-14T09:24:22","modified_gmt":"2024-06-14T07:24:22","slug":"bottleneck-syndrome-of-the-hip","status":"publish","type":"page","link":"https:\/\/www.orthogruber.at\/en\/bottleneck-syndrome-of-the-hip\/","title":{"rendered":"Bottleneck syndrome of the hip"},"content":{"rendered":"\t\t<div data-elementor-type=\"wp-page\" data-elementor-id=\"2424\" class=\"elementor elementor-2424 elementor-615\" data-elementor-post-type=\"page\">\n\t\t\t\t\t\t<section class=\"elementor-section elementor-top-section elementor-element elementor-element-1da1547 elementor-section-stretched elementor-section-boxed elementor-section-height-default elementor-section-height-default\" data-id=\"1da1547\" data-element_type=\"section\" data-e-type=\"section\" data-settings=\"{&quot;background_background&quot;:&quot;classic&quot;,&quot;stretch_section&quot;:&quot;section-stretched&quot;}\">\n\t\t\t\t\t\t<div class=\"elementor-container elementor-column-gap-default\">\n\t\t\t\t\t<div class=\"elementor-column elementor-col-100 elementor-top-column elementor-element elementor-element-1b33776c\" data-id=\"1b33776c\" data-element_type=\"column\" data-e-type=\"column\">\n\t\t\t<div class=\"elementor-widget-wrap elementor-element-populated\">\n\t\t\t\t\t\t<div class=\"elementor-element elementor-element-3e7d7c41 elementor-widget elementor-widget-heading\" data-id=\"3e7d7c41\" data-element_type=\"widget\" data-e-type=\"widget\" data-widget_type=\"heading.default\">\n\t\t\t\t<div class=\"elementor-widget-container\">\n\t\t\t\t\t<h1 class=\"elementor-heading-title elementor-size-default\">Hip impingement syndrome - Femoroacetabular impingement\n<\/h1>\t\t\t\t<\/div>\n\t\t\t\t<\/div>\n\t\t\t\t\t<\/div>\n\t\t<\/div>\n\t\t\t\t\t<\/div>\n\t\t<\/section>\n\t\t\t\t<section class=\"elementor-section elementor-top-section elementor-element elementor-element-75a618d3 elementor-section-boxed elementor-section-height-default elementor-section-height-default\" data-id=\"75a618d3\" data-element_type=\"section\" data-e-type=\"section\">\n\t\t\t\t\t\t<div class=\"elementor-container elementor-column-gap-default\">\n\t\t\t\t\t<div class=\"elementor-column elementor-col-100 elementor-top-column elementor-element elementor-element-20675637\" data-id=\"20675637\" data-element_type=\"column\" data-e-type=\"column\" data-settings=\"{&quot;background_background&quot;:&quot;classic&quot;}\">\n\t\t\t<div class=\"elementor-widget-wrap elementor-element-populated\">\n\t\t\t\t\t\t<div class=\"elementor-element elementor-element-4a8f71bb elementor-widget elementor-widget-text-editor\" data-id=\"4a8f71bb\" data-element_type=\"widget\" data-e-type=\"widget\" data-widget_type=\"text-editor.default\">\n\t\t\t\t<div class=\"elementor-widget-container\">\n\t\t\t\t\t\t\t\t\t<p>Bony changes in the acetabulum and the joint head restrict the mobility of the <a href=\"https:\/\/www.orthogruber.at\/huefte-2\/\">hip<\/a>. In this painful disease of the hip, the cartilage is also heavily stressed and subsequently worn away.  <\/p>\n\t\t\t\t\t\t\t\t<\/div>\n\t\t\t\t<\/div>\n\t\t\t\t<section class=\"elementor-section elementor-inner-section elementor-element elementor-element-1d14517 elementor-section-boxed elementor-section-height-default elementor-section-height-default\" data-id=\"1d14517\" data-element_type=\"section\" data-e-type=\"section\">\n\t\t\t\t\t\t<div class=\"elementor-container elementor-column-gap-default\">\n\t\t\t\t\t<div class=\"elementor-column elementor-col-25 elementor-inner-column elementor-element elementor-element-530a7ca\" data-id=\"530a7ca\" data-element_type=\"column\" data-e-type=\"column\">\n\t\t\t<div class=\"elementor-widget-wrap\">\n\t\t\t\t\t\t\t<\/div>\n\t\t<\/div>\n\t\t\t\t<div class=\"elementor-column elementor-col-25 elementor-inner-column elementor-element elementor-element-56ccbca\" data-id=\"56ccbca\" data-element_type=\"column\" data-e-type=\"column\">\n\t\t\t<div class=\"elementor-widget-wrap elementor-element-populated\">\n\t\t\t\t\t\t<div class=\"elementor-element elementor-element-a90abf2 elementor-widget elementor-widget-heading\" data-id=\"a90abf2\" data-element_type=\"widget\" data-e-type=\"widget\" data-widget_type=\"heading.default\">\n\t\t\t\t<div class=\"elementor-widget-container\">\n\t\t\t\t\t<h4 class=\"elementor-heading-title elementor-size-default\">Healthy hip<\/h4>\t\t\t\t<\/div>\n\t\t\t\t<\/div>\n\t\t\t\t<div class=\"elementor-element elementor-element-6efb854 elementor-widget elementor-widget-image\" data-id=\"6efb854\" data-element_type=\"widget\" data-e-type=\"widget\" data-widget_type=\"image.default\">\n\t\t\t\t<div class=\"elementor-widget-container\">\n\t\t\t\t\t\t\t\t\t\t\t\t\t\t\t<img fetchpriority=\"high\" decoding=\"async\" width=\"1024\" height=\"1024\" src=\"https:\/\/www.orthogruber.at\/wp-content\/uploads\/2021\/11\/Huefte-OK-RZ-1024x1024.jpg\" class=\"attachment-large size-large wp-image-2280\" alt=\"Zeichnung eines k\u00fcnstlichen H\u00fcftgelenks nach Arthroseerkrankung (Coxarthrose) in der H\u00fcfte\" srcset=\"https:\/\/www.orthogruber.at\/wp-content\/uploads\/2021\/11\/Huefte-OK-RZ-1024x1024.jpg 1024w, https:\/\/www.orthogruber.at\/wp-content\/uploads\/2021\/11\/Huefte-OK-RZ-300x300.jpg 300w, https:\/\/www.orthogruber.at\/wp-content\/uploads\/2021\/11\/Huefte-OK-RZ-150x150.jpg 150w, https:\/\/www.orthogruber.at\/wp-content\/uploads\/2021\/11\/Huefte-OK-RZ-768x768.jpg 768w, https:\/\/www.orthogruber.at\/wp-content\/uploads\/2021\/11\/Huefte-OK-RZ-1536x1536.jpg 1536w, https:\/\/www.orthogruber.at\/wp-content\/uploads\/2021\/11\/Huefte-OK-RZ-2048x2048.jpg 2048w\" sizes=\"(max-width: 1024px) 100vw, 1024px\" \/>\t\t\t\t\t\t\t\t\t\t\t\t\t\t\t<\/div>\n\t\t\t\t<\/div>\n\t\t\t\t\t<\/div>\n\t\t<\/div>\n\t\t\t\t<div class=\"elementor-column elementor-col-25 elementor-inner-column elementor-element elementor-element-cb29376\" data-id=\"cb29376\" data-element_type=\"column\" data-e-type=\"column\">\n\t\t\t<div class=\"elementor-widget-wrap elementor-element-populated\">\n\t\t\t\t\t\t<div class=\"elementor-element elementor-element-b625da8 elementor-widget elementor-widget-heading\" data-id=\"b625da8\" data-element_type=\"widget\" data-e-type=\"widget\" data-widget_type=\"heading.default\">\n\t\t\t\t<div class=\"elementor-widget-container\">\n\t\t\t\t\t<h4 class=\"elementor-heading-title elementor-size-default\">Hip with impingement syndrome<\/h4>\t\t\t\t<\/div>\n\t\t\t\t<\/div>\n\t\t\t\t<div class=\"elementor-element elementor-element-4d6f184 elementor-widget elementor-widget-image\" data-id=\"4d6f184\" data-element_type=\"widget\" data-e-type=\"widget\" data-widget_type=\"image.default\">\n\t\t\t\t<div class=\"elementor-widget-container\">\n\t\t\t\t\t\t\t\t\t\t\t\t\t\t\t<img decoding=\"async\" width=\"1024\" height=\"1024\" src=\"https:\/\/www.orthogruber.at\/wp-content\/uploads\/2021\/10\/Huefte-Cam-RZ-1024x1024.jpg\" class=\"attachment-large size-large wp-image-2270\" alt=\"H\u00fcfte\" srcset=\"https:\/\/www.orthogruber.at\/wp-content\/uploads\/2021\/10\/Huefte-Cam-RZ-1024x1024.jpg 1024w, https:\/\/www.orthogruber.at\/wp-content\/uploads\/2021\/10\/Huefte-Cam-RZ-300x300.jpg 300w, https:\/\/www.orthogruber.at\/wp-content\/uploads\/2021\/10\/Huefte-Cam-RZ-150x150.jpg 150w, https:\/\/www.orthogruber.at\/wp-content\/uploads\/2021\/10\/Huefte-Cam-RZ-768x768.jpg 768w, https:\/\/www.orthogruber.at\/wp-content\/uploads\/2021\/10\/Huefte-Cam-RZ-1536x1536.jpg 1536w, https:\/\/www.orthogruber.at\/wp-content\/uploads\/2021\/10\/Huefte-Cam-RZ-2048x2048.jpg 2048w\" sizes=\"(max-width: 1024px) 100vw, 1024px\" \/>\t\t\t\t\t\t\t\t\t\t\t\t\t\t\t<\/div>\n\t\t\t\t<\/div>\n\t\t\t\t\t<\/div>\n\t\t<\/div>\n\t\t\t\t<div class=\"elementor-column elementor-col-25 elementor-inner-column elementor-element elementor-element-63b91d2\" data-id=\"63b91d2\" data-element_type=\"column\" data-e-type=\"column\">\n\t\t\t<div class=\"elementor-widget-wrap\">\n\t\t\t\t\t\t\t<\/div>\n\t\t<\/div>\n\t\t\t\t\t<\/div>\n\t\t<\/section>\n\t\t\t\t<div class=\"elementor-element elementor-element-54547eb6 elementor-widget elementor-widget-heading\" data-id=\"54547eb6\" data-element_type=\"widget\" data-e-type=\"widget\" data-widget_type=\"heading.default\">\n\t\t\t\t<div class=\"elementor-widget-container\">\n\t\t\t\t\t<h2 class=\"elementor-heading-title elementor-size-default\">My treatment spectrum<\/h2>\t\t\t\t<\/div>\n\t\t\t\t<\/div>\n\t\t\t\t<div class=\"elementor-element elementor-element-5cbdd886 elementor-widget-divider--view-line elementor-widget elementor-widget-divider\" data-id=\"5cbdd886\" data-element_type=\"widget\" data-e-type=\"widget\" data-widget_type=\"divider.default\">\n\t\t\t\t<div class=\"elementor-widget-container\">\n\t\t\t\t\t\t\t<div class=\"elementor-divider\">\n\t\t\t<span class=\"elementor-divider-separator\">\n\t\t\t\t\t\t<\/span>\n\t\t<\/div>\n\t\t\t\t\t\t<\/div>\n\t\t\t\t<\/div>\n\t\t\t\t<div class=\"elementor-element elementor-element-df0fbea elementor-widget elementor-widget-text-editor\" data-id=\"df0fbea\" data-element_type=\"widget\" data-e-type=\"widget\" data-widget_type=\"text-editor.default\">\n\t\t\t\t<div class=\"elementor-widget-container\">\n\t\t\t\t\t\t\t\t\t<p>A minimally invasive approach is used to remove the ossifications in the joint. This so-called femoroacetabular decompression can maintain quality of life and fitness for sport for years.  <\/p>\n\t\t\t\t\t\t\t\t<\/div>\n\t\t\t\t<\/div>\n\t\t\t\t\t<\/div>\n\t\t<\/div>\n\t\t\t\t\t<\/div>\n\t\t<\/section>\n\t\t\t\t<\/div>\n\t\t","protected":false},"excerpt":{"rendered":"<p>Hip impingement syndrome &#8211; Femoroacetabular impingement Bony changes in the acetabulum and the joint head restrict the mobility of the hip. In this painful disease of the hip, the cartilage is also heavily stressed and subsequently worn away. Healthy hip Hip with impingement syndrome My treatment spectrum A minimally invasive approach is used to remove&hellip;&nbsp;<a href=\"https:\/\/www.orthogruber.at\/en\/bottleneck-syndrome-of-the-hip\/\" rel=\"bookmark\">Read More &raquo;<span class=\"screen-reader-text\">Bottleneck syndrome of the hip<\/span><\/a><\/p>\n","protected":false},"author":2,"featured_media":0,"parent":0,"menu_order":0,"comment_status":"closed","ping_status":"closed","template":"page-templates\/template-pagebuilder-full-width.php","meta":{"neve_meta_sidebar":"full-width","neve_meta_container":"","neve_meta_enable_content_width":"on","neve_meta_content_width":100,"neve_meta_title_alignment":"","neve_meta_author_avatar":"","neve_post_elements_order":"","neve_meta_disable_header":"","neve_meta_disable_footer":"","neve_meta_disable_title":"","neve_meta_reading_time":"","footnotes":""},"class_list":["post-2424","page","type-page","status-publish","hentry"],"yoast_head":"<!-- This site is optimized with the Yoast SEO plugin v27.3 - https:\/\/yoast.com\/product\/yoast-seo-wordpress\/ -->\n<title>Bottleneck syndrome of the hip - Orthop\u00e4de 1080 Wien | Dr. Martin Gruber<\/title>\n<meta name=\"description\" content=\"Hip constriction syndrome, also known as hip impingement, describes restricted mobility of the hip joint.\" \/>\n<meta name=\"robots\" content=\"index, follow, max-snippet:-1, max-image-preview:large, max-video-preview:-1\" \/>\n<link rel=\"canonical\" href=\"https:\/\/www.orthogruber.at\/en\/bottleneck-syndrome-of-the-hip\/\" \/>\n<meta property=\"og:locale\" content=\"en_US\" \/>\n<meta property=\"og:type\" content=\"article\" \/>\n<meta property=\"og:title\" content=\"Bottleneck syndrome of the hip - Orthop\u00e4de 1080 Wien | Dr. Martin Gruber\" \/>\n<meta property=\"og:description\" content=\"Hip constriction syndrome, also known as hip impingement, describes restricted mobility of the hip joint.\" \/>\n<meta property=\"og:url\" content=\"https:\/\/www.orthogruber.at\/en\/bottleneck-syndrome-of-the-hip\/\" \/>\n<meta property=\"og:site_name\" content=\"Orthop\u00e4de 1080 Wien | Dr. Martin Gruber\" \/>\n<meta property=\"article:modified_time\" content=\"2024-06-14T07:24:22+00:00\" \/>\n<meta property=\"og:image\" content=\"https:\/\/www.orthogruber.at\/wp-content\/uploads\/2021\/11\/Huefte-OK-RZ-1024x1024.jpg\" \/>\n<meta name=\"twitter:card\" content=\"summary_large_image\" \/>\n<script type=\"application\/ld+json\" class=\"yoast-schema-graph\">{\"@context\":\"https:\\\/\\\/schema.org\",\"@graph\":[{\"@type\":\"WebPage\",\"@id\":\"https:\\\/\\\/www.orthogruber.at\\\/en\\\/bottleneck-syndrome-of-the-hip\\\/\",\"url\":\"https:\\\/\\\/www.orthogruber.at\\\/en\\\/bottleneck-syndrome-of-the-hip\\\/\",\"name\":\"Bottleneck syndrome of the hip - Orthop\u00e4de 1080 Wien | Dr. Martin Gruber\",\"isPartOf\":{\"@id\":\"https:\\\/\\\/www.orthogruber.at\\\/en\\\/#website\"},\"primaryImageOfPage\":{\"@id\":\"https:\\\/\\\/www.orthogruber.at\\\/en\\\/bottleneck-syndrome-of-the-hip\\\/#primaryimage\"},\"image\":{\"@id\":\"https:\\\/\\\/www.orthogruber.at\\\/en\\\/bottleneck-syndrome-of-the-hip\\\/#primaryimage\"},\"thumbnailUrl\":\"https:\\\/\\\/www.orthogruber.at\\\/wp-content\\\/uploads\\\/2021\\\/11\\\/Huefte-OK-RZ-1024x1024.jpg\",\"datePublished\":\"2021-10-01T07:09:39+00:00\",\"dateModified\":\"2024-06-14T07:24:22+00:00\",\"description\":\"Hip constriction syndrome, also known as hip impingement, describes restricted mobility of the hip joint.\",\"breadcrumb\":{\"@id\":\"https:\\\/\\\/www.orthogruber.at\\\/en\\\/bottleneck-syndrome-of-the-hip\\\/#breadcrumb\"},\"inLanguage\":\"en-US\",\"potentialAction\":[{\"@type\":\"ReadAction\",\"target\":[\"https:\\\/\\\/www.orthogruber.at\\\/en\\\/bottleneck-syndrome-of-the-hip\\\/\"]}]},{\"@type\":\"ImageObject\",\"inLanguage\":\"en-US\",\"@id\":\"https:\\\/\\\/www.orthogruber.at\\\/en\\\/bottleneck-syndrome-of-the-hip\\\/#primaryimage\",\"url\":\"https:\\\/\\\/www.orthogruber.at\\\/wp-content\\\/uploads\\\/2021\\\/11\\\/Huefte-OK-RZ-1024x1024.jpg\",\"contentUrl\":\"https:\\\/\\\/www.orthogruber.at\\\/wp-content\\\/uploads\\\/2021\\\/11\\\/Huefte-OK-RZ-1024x1024.jpg\"},{\"@type\":\"BreadcrumbList\",\"@id\":\"https:\\\/\\\/www.orthogruber.at\\\/en\\\/bottleneck-syndrome-of-the-hip\\\/#breadcrumb\",\"itemListElement\":[{\"@type\":\"ListItem\",\"position\":1,\"name\":\"Home\",\"item\":\"https:\\\/\\\/www.orthogruber.at\\\/en\\\/\"},{\"@type\":\"ListItem\",\"position\":2,\"name\":\"Bottleneck syndrome of the hip\"}]},{\"@type\":\"WebSite\",\"@id\":\"https:\\\/\\\/www.orthogruber.at\\\/en\\\/#website\",\"url\":\"https:\\\/\\\/www.orthogruber.at\\\/en\\\/\",\"name\":\"Orthop\u00e4de 1080 Wien | Dr. Martin Gruber\",\"description\":\"Facharzt f\u00fcr Orthop\u00e4die &amp; orthop\u00e4dische Chirurgie\",\"publisher\":{\"@id\":\"https:\\\/\\\/www.orthogruber.at\\\/en\\\/#organization\"},\"potentialAction\":[{\"@type\":\"SearchAction\",\"target\":{\"@type\":\"EntryPoint\",\"urlTemplate\":\"https:\\\/\\\/www.orthogruber.at\\\/en\\\/?s={search_term_string}\"},\"query-input\":{\"@type\":\"PropertyValueSpecification\",\"valueRequired\":true,\"valueName\":\"search_term_string\"}}],\"inLanguage\":\"en-US\"},{\"@type\":\"Organization\",\"@id\":\"https:\\\/\\\/www.orthogruber.at\\\/en\\\/#organization\",\"name\":\"Orthop\u00e4de 1080 Wien | Dr. Martin Gruber\",\"url\":\"https:\\\/\\\/www.orthogruber.at\\\/en\\\/\",\"logo\":{\"@type\":\"ImageObject\",\"inLanguage\":\"en-US\",\"@id\":\"https:\\\/\\\/www.orthogruber.at\\\/en\\\/#\\\/schema\\\/logo\\\/image\\\/\",\"url\":\"https:\\\/\\\/www.orthogruber.at\\\/wp-content\\\/uploads\\\/2021\\\/06\\\/Dr.-Martin-Gruber-1-.png\",\"contentUrl\":\"https:\\\/\\\/www.orthogruber.at\\\/wp-content\\\/uploads\\\/2021\\\/06\\\/Dr.-Martin-Gruber-1-.png\",\"width\":593,\"height\":593,\"caption\":\"Orthop\u00e4de 1080 Wien | Dr. Martin Gruber\"},\"image\":{\"@id\":\"https:\\\/\\\/www.orthogruber.at\\\/en\\\/#\\\/schema\\\/logo\\\/image\\\/\"}}]}<\/script>\n<!-- \/ Yoast SEO plugin. -->","yoast_head_json":{"title":"Bottleneck syndrome of the hip - Orthop\u00e4de 1080 Wien | Dr. Martin Gruber","description":"Hip constriction syndrome, also known as hip impingement, describes restricted mobility of the hip joint.","robots":{"index":"index","follow":"follow","max-snippet":"max-snippet:-1","max-image-preview":"max-image-preview:large","max-video-preview":"max-video-preview:-1"},"canonical":"https:\/\/www.orthogruber.at\/en\/bottleneck-syndrome-of-the-hip\/","og_locale":"en_US","og_type":"article","og_title":"Bottleneck syndrome of the hip - Orthop\u00e4de 1080 Wien | Dr. Martin Gruber","og_description":"Hip constriction syndrome, also known as hip impingement, describes restricted mobility of the hip joint.","og_url":"https:\/\/www.orthogruber.at\/en\/bottleneck-syndrome-of-the-hip\/","og_site_name":"Orthop\u00e4de 1080 Wien | Dr. Martin Gruber","article_modified_time":"2024-06-14T07:24:22+00:00","og_image":[{"url":"https:\/\/www.orthogruber.at\/wp-content\/uploads\/2021\/11\/Huefte-OK-RZ-1024x1024.jpg","type":"","width":"","height":""}],"twitter_card":"summary_large_image","schema":{"@context":"https:\/\/schema.org","@graph":[{"@type":"WebPage","@id":"https:\/\/www.orthogruber.at\/en\/bottleneck-syndrome-of-the-hip\/","url":"https:\/\/www.orthogruber.at\/en\/bottleneck-syndrome-of-the-hip\/","name":"Bottleneck syndrome of the hip - Orthop\u00e4de 1080 Wien | Dr. Martin Gruber","isPartOf":{"@id":"https:\/\/www.orthogruber.at\/en\/#website"},"primaryImageOfPage":{"@id":"https:\/\/www.orthogruber.at\/en\/bottleneck-syndrome-of-the-hip\/#primaryimage"},"image":{"@id":"https:\/\/www.orthogruber.at\/en\/bottleneck-syndrome-of-the-hip\/#primaryimage"},"thumbnailUrl":"https:\/\/www.orthogruber.at\/wp-content\/uploads\/2021\/11\/Huefte-OK-RZ-1024x1024.jpg","datePublished":"2021-10-01T07:09:39+00:00","dateModified":"2024-06-14T07:24:22+00:00","description":"Hip constriction syndrome, also known as hip impingement, describes restricted mobility of the hip joint.","breadcrumb":{"@id":"https:\/\/www.orthogruber.at\/en\/bottleneck-syndrome-of-the-hip\/#breadcrumb"},"inLanguage":"en-US","potentialAction":[{"@type":"ReadAction","target":["https:\/\/www.orthogruber.at\/en\/bottleneck-syndrome-of-the-hip\/"]}]},{"@type":"ImageObject","inLanguage":"en-US","@id":"https:\/\/www.orthogruber.at\/en\/bottleneck-syndrome-of-the-hip\/#primaryimage","url":"https:\/\/www.orthogruber.at\/wp-content\/uploads\/2021\/11\/Huefte-OK-RZ-1024x1024.jpg","contentUrl":"https:\/\/www.orthogruber.at\/wp-content\/uploads\/2021\/11\/Huefte-OK-RZ-1024x1024.jpg"},{"@type":"BreadcrumbList","@id":"https:\/\/www.orthogruber.at\/en\/bottleneck-syndrome-of-the-hip\/#breadcrumb","itemListElement":[{"@type":"ListItem","position":1,"name":"Home","item":"https:\/\/www.orthogruber.at\/en\/"},{"@type":"ListItem","position":2,"name":"Bottleneck syndrome of the hip"}]},{"@type":"WebSite","@id":"https:\/\/www.orthogruber.at\/en\/#website","url":"https:\/\/www.orthogruber.at\/en\/","name":"Orthop\u00e4de 1080 Wien | Dr. Martin Gruber","description":"Facharzt f\u00fcr Orthop\u00e4die &amp; orthop\u00e4dische Chirurgie","publisher":{"@id":"https:\/\/www.orthogruber.at\/en\/#organization"},"potentialAction":[{"@type":"SearchAction","target":{"@type":"EntryPoint","urlTemplate":"https:\/\/www.orthogruber.at\/en\/?s={search_term_string}"},"query-input":{"@type":"PropertyValueSpecification","valueRequired":true,"valueName":"search_term_string"}}],"inLanguage":"en-US"},{"@type":"Organization","@id":"https:\/\/www.orthogruber.at\/en\/#organization","name":"Orthop\u00e4de 1080 Wien | Dr. Martin Gruber","url":"https:\/\/www.orthogruber.at\/en\/","logo":{"@type":"ImageObject","inLanguage":"en-US","@id":"https:\/\/www.orthogruber.at\/en\/#\/schema\/logo\/image\/","url":"https:\/\/www.orthogruber.at\/wp-content\/uploads\/2021\/06\/Dr.-Martin-Gruber-1-.png","contentUrl":"https:\/\/www.orthogruber.at\/wp-content\/uploads\/2021\/06\/Dr.-Martin-Gruber-1-.png","width":593,"height":593,"caption":"Orthop\u00e4de 1080 Wien | Dr. Martin Gruber"},"image":{"@id":"https:\/\/www.orthogruber.at\/en\/#\/schema\/logo\/image\/"}}]}},"_links":{"self":[{"href":"https:\/\/www.orthogruber.at\/en\/wp-json\/wp\/v2\/pages\/2424","targetHints":{"allow":["GET"]}}],"collection":[{"href":"https:\/\/www.orthogruber.at\/en\/wp-json\/wp\/v2\/pages"}],"about":[{"href":"https:\/\/www.orthogruber.at\/en\/wp-json\/wp\/v2\/types\/page"}],"author":[{"embeddable":true,"href":"https:\/\/www.orthogruber.at\/en\/wp-json\/wp\/v2\/users\/2"}],"replies":[{"embeddable":true,"href":"https:\/\/www.orthogruber.at\/en\/wp-json\/wp\/v2\/comments?post=2424"}],"version-history":[{"count":0,"href":"https:\/\/www.orthogruber.at\/en\/wp-json\/wp\/v2\/pages\/2424\/revisions"}],"wp:attachment":[{"href":"https:\/\/www.orthogruber.at\/en\/wp-json\/wp\/v2\/media?parent=2424"}],"curies":[{"name":"wp","href":"https:\/\/api.w.org\/{rel}","templated":true}]}}